{"id":8,"date":"2015-02-02T04:30:47","date_gmt":"2015-02-02T04:30:47","guid":{"rendered":"http:\/\/rttheme19.rtthemes.com\/?page_id=8"},"modified":"2025-03-10T04:26:49","modified_gmt":"2025-03-09T21:26:49","slug":"lien-he","status":"publish","type":"page","link":"https:\/\/tis.edu.vn\/en\/lien-he\/","title":{"rendered":"Li\u00ean h\u1ec7"},"content":{"rendered":"<div data-elementor-type=\"wp-page\" data-elementor-id=\"8\" class=\"elementor elementor-8\" data-elementor-post-type=\"page\">\n\t\t\t\t\t\t<section class=\"elementor-section elementor-top-section elementor-element elementor-element-77499c6 elementor-section-full_width elementor-section-height-min-height elementor-section-height-default elementor-section-items-middle\" data-id=\"77499c6\" data-element_type=\"section\" data-settings=\"{&quot;background_background&quot;:&quot;classic&quot;}\">\n\t\t\t\t\t\t\t<div class=\"elementor-background-overlay\"><\/div>\n\t\t\t\t\t\t\t<div class=\"elementor-container elementor-column-gap-no\">\n\t\t\t\t\t<div class=\"aux-parallax-section elementor-column elementor-col-100 elementor-top-column elementor-element elementor-element-c249b6c\" data-id=\"c249b6c\" data-element_type=\"column\">\n\t\t\t<div class=\"elementor-widget-wrap\">\n\t\t\t\t\t\t\t<\/div>\n\t\t<\/div>\n\t\t\t\t\t<\/div>\n\t\t<\/section>\n\t\t\t\t<section class=\"elementor-section elementor-top-section elementor-element elementor-element-17f7ebe elementor-section-boxed elementor-section-height-default elementor-section-height-default\" data-id=\"17f7ebe\" data-element_type=\"section\">\n\t\t\t\t\t\t<div class=\"elementor-container elementor-column-gap-default\">\n\t\t\t\t\t<div class=\"aux-parallax-section elementor-column elementor-col-100 elementor-top-column elementor-element elementor-element-31d9fa0\" data-id=\"31d9fa0\" data-element_type=\"column\">\n\t\t\t<div class=\"elementor-widget-wrap elementor-element-populated\">\n\t\t\t\t\t\t<div class=\"elementor-element elementor-element-7e5d64b elementor-widget elementor-widget-aux_breadcrumbs\" data-id=\"7e5d64b\" data-element_type=\"widget\" data-widget_type=\"aux_breadcrumbs.default\">\n\t\t\t\t<div class=\"elementor-widget-container\">\n\t\t\t\t\t<div class=\"aux-elementor-breadcrumbs\"><p class=\"aux-breadcrumbs\"><span class=\"aux-breadcrumb-sep breadcrumb-icon Array\"><\/span><span><a href=\"https:\/\/tis.edu.vn\/en\" title=\"Home\">Home<\/a><\/span><\/div>\t\t\t\t<\/div>\n\t\t\t\t<\/div>\n\t\t\t\t\t<\/div>\n\t\t<\/div>\n\t\t\t\t\t<\/div>\n\t\t<\/section>\n\t\t\t\t<section class=\"elementor-section elementor-top-section elementor-element elementor-element-6246ea7 elementor-section-boxed elementor-section-height-default elementor-section-height-default\" data-id=\"6246ea7\" data-element_type=\"section\">\n\t\t\t\t\t\t<div class=\"elementor-container elementor-column-gap-no\">\n\t\t\t\t\t<div class=\"aux-parallax-section elementor-column elementor-col-33 elementor-top-column elementor-element elementor-element-1b28eab\" data-id=\"1b28eab\" data-element_type=\"column\">\n\t\t\t<div class=\"elementor-widget-wrap elementor-element-populated\">\n\t\t\t\t\t\t<div class=\"elementor-element elementor-element-8257bff aux-appear-watch-animation aux-fade-in-up elementor-widget elementor-widget-aux_modern_heading\" data-id=\"8257bff\" data-element_type=\"widget\" data-widget_type=\"aux_modern_heading.default\">\n\t\t\t\t<div class=\"elementor-widget-container\">\n\t\t\t\t\t<section class=\"aux-widget-modern-heading\">\n            <div class=\"aux-widget-inner\"><h2 class=\"aux-modern-heading-primary\">THE INTERNATIONAL SCHOOL<\/h2><\/div>\n        <\/section>\t\t\t\t<\/div>\n\t\t\t\t<\/div>\n\t\t\t\t<div class=\"elementor-element elementor-element-aca6426 elementor-widget elementor-widget-aux_contact_form\" data-id=\"aca6426\" data-element_type=\"widget\" data-widget_type=\"aux_contact_form.default\">\n\t\t\t\t<div class=\"elementor-widget-container\">\n\t\t\t\t\t<section class=\"widget-container aux-widget-contact-form aux-parent-au266d496a\">            <div class=\"aux-col-wrapper aux-no-gutter\">\n            <!-- @TODO - The output for element here -->\n\n            \n<div class=\"wpcf7 no-js\" id=\"wpcf7-f56780-o1\" lang=\"vi\" dir=\"ltr\" data-wpcf7-id=\"56780\">\n<div class=\"screen-reader-response\"><p role=\"status\" aria-live=\"polite\" aria-atomic=\"true\"><\/p> <ul><\/ul><\/div>\n<form action=\"\/en\/wp-json\/wp\/v2\/pages\/8#wpcf7-f56780-o1\" method=\"post\" class=\"wpcf7-form init\" aria-label=\"Form li\u00ean h\u1ec7\" novalidate=\"novalidate\" data-status=\"init\" data-trp-original-action=\"\/en\/wp-json\/wp\/v2\/pages\/8#wpcf7-f56780-o1\">\n<div style=\"display: none;\">\n<input type=\"hidden\" name=\"_wpcf7\" value=\"56780\" \/>\n<input type=\"hidden\" name=\"_wpcf7_version\" value=\"6.0.6\" \/>\n<input type=\"hidden\" name=\"_wpcf7_locale\" value=\"vi\" \/>\n<input type=\"hidden\" name=\"_wpcf7_unit_tag\" value=\"wpcf7-f56780-o1\" \/>\n<input type=\"hidden\" name=\"_wpcf7_container_post\" value=\"0\" \/>\n<input type=\"hidden\" name=\"_wpcf7_posted_data_hash\" value=\"\" \/>\n<\/div>\n<p><span class=\"wpcf7-form-control-wrap\" data-name=\"full-name\"><input size=\"40\" maxlength=\"400\" class=\"wpcf7-form-control wpcf7-text wpcf7-validates-as-required\" aria-required=\"true\" aria-invalid=\"false\" placeholder=\"H\u1ecd v\u00e0 t\u00ean\" value=\"\" type=\"text\" name=\"full-name\" \/><\/span><br \/>\n<span class=\"wpcf7-form-control-wrap\" data-name=\"email\"><input size=\"40\" maxlength=\"400\" class=\"wpcf7-form-control wpcf7-email wpcf7-validates-as-required wpcf7-text wpcf7-validates-as-email\" aria-required=\"true\" aria-invalid=\"false\" placeholder=\"Email\" value=\"\" type=\"email\" name=\"email\" \/><\/span><br \/>\n<span class=\"wpcf7-form-control-wrap\" data-name=\"mobile\"><input size=\"40\" maxlength=\"400\" class=\"wpcf7-form-control wpcf7-tel wpcf7-validates-as-required wpcf7-text wpcf7-validates-as-tel\" aria-required=\"true\" aria-invalid=\"false\" placeholder=\"S\u1ed1 \u0111i\u1ec7n tho\u1ea1i\" value=\"\" type=\"tel\" name=\"mobile\" \/><\/span><br \/>\n<span class=\"wpcf7-form-control-wrap\" data-name=\"option-selected\"><select class=\"wpcf7-form-control wpcf7-select wpcf7-validates-as-required\" aria-required=\"true\" aria-invalid=\"false\" name=\"option-selected\"><option value=\"1. H\u1ecdc b\u1ed5ng tuy\u1ec3n sinh 25 n\u0103m TIS\">1. H\u1ecdc b\u1ed5ng tuy\u1ec3n sinh 25 n\u0103m TIS<\/option><option value=\"2. \u01afu \u0111\u00e3i H\u1ecdc ph\u00ed\">2. \u01afu \u0111\u00e3i H\u1ecdc ph\u00ed<\/option><option value=\"3. \u0110\u0103ng k\u00fd Ng\u00e0y h\u1ed9i th\u00f4ng tin tuy\u1ec3n sinh\">3. \u0110\u0103ng k\u00fd Ng\u00e0y h\u1ed9i th\u00f4ng tin tuy\u1ec3n sinh<\/option><option value=\"4. \u0110\u0103ng k\u00fd tham gia CSVC\">4. \u0110\u0103ng k\u00fd tham gia CSVC<\/option><option value=\"5. N\u1ed9i tr\u00fa\">5. N\u1ed9i tr\u00fa<\/option><option value=\"6. T\u01b0 v\u1ea5n nh\u1eadp h\u1ecdc\/ Ghi danh\">6. T\u01b0 v\u1ea5n nh\u1eadp h\u1ecdc\/ Ghi danh<\/option><option value=\"7. Kh\u00e1c\">7. Kh\u00e1c<\/option><\/select><\/span><br \/>\n<span class=\"wpcf7-form-control-wrap\" data-name=\"note\"><textarea cols=\"40\" rows=\"3\" maxlength=\"2000\" class=\"wpcf7-form-control wpcf7-textarea\" aria-invalid=\"false\" placeholder=\"Tin nh\u1eafn\" name=\"note\"><\/textarea><\/span><br \/>\n<input class=\"wpcf7-form-control wpcf7-submit has-spinner\" type=\"submit\" value=\"Li\u00ean h\u1ec7\" \/>\n<\/p><p style=\"display: none !important;\" class=\"akismet-fields-container\" data-prefix=\"_wpcf7_ak_\"><label>&#916;<textarea name=\"_wpcf7_ak_hp_textarea\" cols=\"45\" rows=\"8\" maxlength=\"100\"><\/textarea><\/label><input type=\"hidden\" id=\"ak_js_1\" name=\"_wpcf7_ak_js\" value=\"217\"\/><script>document.getElementById( \"ak_js_1\" ).setAttribute( \"value\", ( new Date() ).getTime() );<\/script><\/p><div class=\"wpcf7-response-output\" aria-hidden=\"true\"><\/div>\n<input type=\"hidden\" name=\"trp-form-language\" value=\"en\"\/><\/form>\n<\/div>\n\n\n            <\/div><!-- aux-col-wrapper -->\n    <\/section><!-- widget-container -->\t\t\t\t<\/div>\n\t\t\t\t<\/div>\n\t\t\t\t\t<\/div>\n\t\t<\/div>\n\t\t\t\t<div class=\"aux-parallax-section elementor-column elementor-col-66 elementor-top-column elementor-element elementor-element-b796493\" data-id=\"b796493\" data-element_type=\"column\">\n\t\t\t<div class=\"elementor-widget-wrap elementor-element-populated\">\n\t\t\t\t\t\t<div class=\"elementor-element elementor-element-588855e elementor-widget elementor-widget-image\" data-id=\"588855e\" data-element_type=\"widget\" data-widget_type=\"image.default\">\n\t\t\t\t<div class=\"elementor-widget-container\">\n\t\t\t\t\t\t\t\t\t\t\t\t\t\t\t<img fetchpriority=\"high\" decoding=\"async\" width=\"1458\" height=\"1005\" src=\"https:\/\/tis.edu.vn\/wp-content\/uploads\/2025\/02\/z6307567384491_bfe0e946a0a295711ed06eb504101368-1.jpg\" class=\"attachment-full size-full wp-image-57413\" alt=\"\" srcset=\"https:\/\/tis.edu.vn\/wp-content\/uploads\/2025\/02\/z6307567384491_bfe0e946a0a295711ed06eb504101368-1.jpg 1458w, https:\/\/tis.edu.vn\/wp-content\/uploads\/2025\/02\/z6307567384491_bfe0e946a0a295711ed06eb504101368-1-18x12.jpg 18w\" sizes=\"(max-width: 1458px) 100vw, 1458px\" \/>\t\t\t\t\t\t\t\t\t\t\t\t\t\t\t<\/div>\n\t\t\t\t<\/div>\n\t\t\t\t\t<\/div>\n\t\t<\/div>\n\t\t\t\t\t<\/div>\n\t\t<\/section>\n\t\t\t\t<\/div>","protected":false},"excerpt":{"rendered":"<p>Home THE INTERNATIONAL SCHOOL 1. H\u1ecdc b\u1ed5ng tuy\u1ec3n sinh 25 n\u0103m TIS2. \u01afu \u0111\u00e3i H\u1ecdc ph\u00ed3. \u0110\u0103ng k\u00fd Ng\u00e0y h\u1ed9i th\u00f4ng tin tuy\u1ec3n sinh4. \u0110\u0103ng k\u00fd tham gia CSVC5. N\u1ed9i tr\u00fa6. T\u01b0 v\u1ea5n nh\u1eadp h\u1ecdc\/ Ghi danh7. Kh\u00e1c &#916;<\/p>","protected":false},"author":1,"featured_media":0,"parent":0,"menu_order":0,"comment_status":"closed","ping_status":"closed","template":"elementor_header_footer","meta":{"footnotes":""},"class_list":["post-8","page","type-page","status-publish","hentry"],"yoast_head":"<!-- This site is optimized with the Yoast SEO plugin v25.2 - https:\/\/yoast.com\/wordpress\/plugins\/seo\/ -->\n<title>Li\u00ean h\u1ec7 - Tr\u01b0\u1eddng Qu\u1ed1c T\u1ebf TIS<\/title>\n<meta name=\"robots\" content=\"index, follow, max-snippet:-1, max-image-preview:large, max-video-preview:-1\" \/>\n<link rel=\"canonical\" href=\"https:\/\/tis.edu.vn\/en\/lien-he\/\" \/>\n<meta property=\"og:locale\" content=\"en_US\" \/>\n<meta property=\"og:type\" content=\"article\" \/>\n<meta property=\"og:title\" content=\"Li\u00ean h\u1ec7 - Tr\u01b0\u1eddng Qu\u1ed1c T\u1ebf TIS\" \/>\n<meta property=\"og:description\" content=\"Home THE INTERNATIONAL SCHOOL 1. H\u1ecdc b\u1ed5ng tuy\u1ec3n sinh 25 n\u0103m TIS2. \u01afu \u0111\u00e3i H\u1ecdc ph\u00ed3. \u0110\u0103ng k\u00fd Ng\u00e0y h\u1ed9i th\u00f4ng tin tuy\u1ec3n sinh4. \u0110\u0103ng k\u00fd tham gia CSVC5. N\u1ed9i tr\u00fa6. T\u01b0 v\u1ea5n nh\u1eadp h\u1ecdc\/ Ghi danh7. Kh\u00e1c &#916;\" \/>\n<meta property=\"og:url\" content=\"https:\/\/tis.edu.vn\/en\/lien-he\/\" \/>\n<meta property=\"og:site_name\" content=\"Tr\u01b0\u1eddng Qu\u1ed1c T\u1ebf TIS\" \/>\n<meta property=\"article:publisher\" content=\"https:\/\/www.facebook.com\/TruongquocteTIS\/?fref=ts\" \/>\n<meta property=\"article:modified_time\" content=\"2025-03-09T21:26:49+00:00\" \/>\n<meta property=\"og:image\" content=\"https:\/\/tis.edu.vn\/wp-content\/uploads\/2025\/02\/z6307567384491_bfe0e946a0a295711ed06eb504101368-1.jpg\" \/>\n<meta name=\"twitter:card\" content=\"summary_large_image\" \/>\n<meta name=\"twitter:label1\" content=\"Est. reading time\" \/>\n\t<meta name=\"twitter:data1\" content=\"1 minute\" \/>\n<script type=\"application\/ld+json\" class=\"yoast-schema-graph\">{\"@context\":\"https:\/\/schema.org\",\"@graph\":[{\"@type\":\"WebPage\",\"@id\":\"https:\/\/tis.edu.vn\/lien-he\/\",\"url\":\"https:\/\/tis.edu.vn\/lien-he\/\",\"name\":\"Li\u00ean h\u1ec7 - Tr\u01b0\u1eddng Qu\u1ed1c T\u1ebf TIS\",\"isPartOf\":{\"@id\":\"https:\/\/tis.edu.vn\/#website\"},\"primaryImageOfPage\":{\"@id\":\"https:\/\/tis.edu.vn\/lien-he\/#primaryimage\"},\"image\":{\"@id\":\"https:\/\/tis.edu.vn\/lien-he\/#primaryimage\"},\"thumbnailUrl\":\"https:\/\/tis.edu.vn\/wp-content\/uploads\/2025\/02\/z6307567384491_bfe0e946a0a295711ed06eb504101368-1.jpg\",\"datePublished\":\"2015-02-02T04:30:47+00:00\",\"dateModified\":\"2025-03-09T21:26:49+00:00\",\"breadcrumb\":{\"@id\":\"https:\/\/tis.edu.vn\/lien-he\/#breadcrumb\"},\"inLanguage\":\"en-US\",\"potentialAction\":[{\"@type\":\"ReadAction\",\"target\":[\"https:\/\/tis.edu.vn\/lien-he\/\"]}]},{\"@type\":\"ImageObject\",\"inLanguage\":\"en-US\",\"@id\":\"https:\/\/tis.edu.vn\/lien-he\/#primaryimage\",\"url\":\"https:\/\/tis.edu.vn\/wp-content\/uploads\/2025\/02\/z6307567384491_bfe0e946a0a295711ed06eb504101368-1.jpg\",\"contentUrl\":\"https:\/\/tis.edu.vn\/wp-content\/uploads\/2025\/02\/z6307567384491_bfe0e946a0a295711ed06eb504101368-1.jpg\"},{\"@type\":\"BreadcrumbList\",\"@id\":\"https:\/\/tis.edu.vn\/lien-he\/#breadcrumb\",\"itemListElement\":[{\"@type\":\"ListItem\",\"position\":1,\"name\":\"Home\",\"item\":\"https:\/\/tis.edu.vn\/\"},{\"@type\":\"ListItem\",\"position\":2,\"name\":\"Li\u00ean h\u1ec7\"}]},{\"@type\":\"WebSite\",\"@id\":\"https:\/\/tis.edu.vn\/#website\",\"url\":\"https:\/\/tis.edu.vn\/\",\"name\":\"Tr\u01b0\u1eddng Qu\u1ed1c T\u1ebf TIS - Tr\u01b0\u1eddng Ph\u1ed5 Th\u00f4ng Qu\u1ed1c T\u1ebf Ch\u1ea5t L\u01b0\u1ee3ng\",\"description\":\"Tr\u01b0\u1eddng Ph\u1ed5 Th\u00f4ng Qu\u1ed1c T\u1ebf Ch\u1ea5t L\u01b0\u1ee3ng\",\"publisher\":{\"@id\":\"https:\/\/tis.edu.vn\/#organization\"},\"alternateName\":\"TIS\",\"potentialAction\":[{\"@type\":\"SearchAction\",\"target\":{\"@type\":\"EntryPoint\",\"urlTemplate\":\"https:\/\/tis.edu.vn\/?s={search_term_string}\"},\"query-input\":{\"@type\":\"PropertyValueSpecification\",\"valueRequired\":true,\"valueName\":\"search_term_string\"}}],\"inLanguage\":\"en-US\"},{\"@type\":\"Organization\",\"@id\":\"https:\/\/tis.edu.vn\/#organization\",\"name\":\"Tr\u01b0\u1eddng Qu\u1ed1c T\u1ebf TIS\",\"alternateName\":\"Tr\u01b0\u1eddng Qu\u1ed1c T\u1ebf TIS - Tr\u01b0\u1eddng Ph\u1ed5 Th\u00f4ng Qu\u1ed1c T\u1ebf Ch\u1ea5t L\u01b0\u1ee3ng\",\"url\":\"https:\/\/tis.edu.vn\/\",\"logo\":{\"@type\":\"ImageObject\",\"inLanguage\":\"en-US\",\"@id\":\"https:\/\/tis.edu.vn\/#\/schema\/logo\/image\/\",\"url\":\"https:\/\/tis.edu.vn\/wp-content\/uploads\/2021\/11\/New_Logo-06.png\",\"contentUrl\":\"https:\/\/tis.edu.vn\/wp-content\/uploads\/2021\/11\/New_Logo-06.png\",\"width\":5010,\"height\":3915,\"caption\":\"Tr\u01b0\u1eddng Qu\u1ed1c T\u1ebf TIS\"},\"image\":{\"@id\":\"https:\/\/tis.edu.vn\/#\/schema\/logo\/image\/\"},\"sameAs\":[\"https:\/\/www.facebook.com\/TruongquocteTIS\/?fref=ts\",\"https:\/\/www.youtube.com\/channel\/UCyWzx0U8yCzYkaq6Ms4GRqg\"]}]}<\/script>\n<!-- \/ Yoast SEO plugin. -->","yoast_head_json":{"title":"Li\u00ean h\u1ec7 - Tr\u01b0\u1eddng Qu\u1ed1c T\u1ebf TIS","robots":{"index":"index","follow":"follow","max-snippet":"max-snippet:-1","max-image-preview":"max-image-preview:large","max-video-preview":"max-video-preview:-1"},"canonical":"https:\/\/tis.edu.vn\/en\/lien-he\/","og_locale":"en_US","og_type":"article","og_title":"Li\u00ean h\u1ec7 - Tr\u01b0\u1eddng Qu\u1ed1c T\u1ebf TIS","og_description":"Home THE INTERNATIONAL SCHOOL 1. H\u1ecdc b\u1ed5ng tuy\u1ec3n sinh 25 n\u0103m TIS2. \u01afu \u0111\u00e3i H\u1ecdc ph\u00ed3. \u0110\u0103ng k\u00fd Ng\u00e0y h\u1ed9i th\u00f4ng tin tuy\u1ec3n sinh4. \u0110\u0103ng k\u00fd tham gia CSVC5. N\u1ed9i tr\u00fa6. T\u01b0 v\u1ea5n nh\u1eadp h\u1ecdc\/ Ghi danh7. Kh\u00e1c &#916;","og_url":"https:\/\/tis.edu.vn\/en\/lien-he\/","og_site_name":"Tr\u01b0\u1eddng Qu\u1ed1c T\u1ebf TIS","article_publisher":"https:\/\/www.facebook.com\/TruongquocteTIS\/?fref=ts","article_modified_time":"2025-03-09T21:26:49+00:00","og_image":[{"url":"https:\/\/tis.edu.vn\/wp-content\/uploads\/2025\/02\/z6307567384491_bfe0e946a0a295711ed06eb504101368-1.jpg","type":"","width":"","height":""}],"twitter_card":"summary_large_image","twitter_misc":{"Est. reading time":"1 minute"},"schema":{"@context":"https:\/\/schema.org","@graph":[{"@type":"WebPage","@id":"https:\/\/tis.edu.vn\/lien-he\/","url":"https:\/\/tis.edu.vn\/lien-he\/","name":"Li\u00ean h\u1ec7 - Tr\u01b0\u1eddng Qu\u1ed1c T\u1ebf TIS","isPartOf":{"@id":"https:\/\/tis.edu.vn\/#website"},"primaryImageOfPage":{"@id":"https:\/\/tis.edu.vn\/lien-he\/#primaryimage"},"image":{"@id":"https:\/\/tis.edu.vn\/lien-he\/#primaryimage"},"thumbnailUrl":"https:\/\/tis.edu.vn\/wp-content\/uploads\/2025\/02\/z6307567384491_bfe0e946a0a295711ed06eb504101368-1.jpg","datePublished":"2015-02-02T04:30:47+00:00","dateModified":"2025-03-09T21:26:49+00:00","breadcrumb":{"@id":"https:\/\/tis.edu.vn\/lien-he\/#breadcrumb"},"inLanguage":"en-US","potentialAction":[{"@type":"ReadAction","target":["https:\/\/tis.edu.vn\/lien-he\/"]}]},{"@type":"ImageObject","inLanguage":"en-US","@id":"https:\/\/tis.edu.vn\/lien-he\/#primaryimage","url":"https:\/\/tis.edu.vn\/wp-content\/uploads\/2025\/02\/z6307567384491_bfe0e946a0a295711ed06eb504101368-1.jpg","contentUrl":"https:\/\/tis.edu.vn\/wp-content\/uploads\/2025\/02\/z6307567384491_bfe0e946a0a295711ed06eb504101368-1.jpg"},{"@type":"BreadcrumbList","@id":"https:\/\/tis.edu.vn\/lien-he\/#breadcrumb","itemListElement":[{"@type":"ListItem","position":1,"name":"Home","item":"https:\/\/tis.edu.vn\/"},{"@type":"ListItem","position":2,"name":"Li\u00ean h\u1ec7"}]},{"@type":"WebSite","@id":"https:\/\/tis.edu.vn\/#website","url":"https:\/\/tis.edu.vn\/","name":"Tr\u01b0\u1eddng Qu\u1ed1c T\u1ebf TIS - Tr\u01b0\u1eddng Ph\u1ed5 Th\u00f4ng Qu\u1ed1c T\u1ebf Ch\u1ea5t L\u01b0\u1ee3ng","description":"Tr\u01b0\u1eddng Ph\u1ed5 Th\u00f4ng Qu\u1ed1c T\u1ebf Ch\u1ea5t L\u01b0\u1ee3ng","publisher":{"@id":"https:\/\/tis.edu.vn\/#organization"},"alternateName":"TIS","potentialAction":[{"@type":"SearchAction","target":{"@type":"EntryPoint","urlTemplate":"https:\/\/tis.edu.vn\/?s={search_term_string}"},"query-input":{"@type":"PropertyValueSpecification","valueRequired":true,"valueName":"search_term_string"}}],"inLanguage":"en-US"},{"@type":"Organization","@id":"https:\/\/tis.edu.vn\/#organization","name":"Tr\u01b0\u1eddng Qu\u1ed1c T\u1ebf TIS","alternateName":"Tr\u01b0\u1eddng Qu\u1ed1c T\u1ebf TIS - Tr\u01b0\u1eddng Ph\u1ed5 Th\u00f4ng Qu\u1ed1c T\u1ebf Ch\u1ea5t L\u01b0\u1ee3ng","url":"https:\/\/tis.edu.vn\/","logo":{"@type":"ImageObject","inLanguage":"en-US","@id":"https:\/\/tis.edu.vn\/#\/schema\/logo\/image\/","url":"https:\/\/tis.edu.vn\/wp-content\/uploads\/2021\/11\/New_Logo-06.png","contentUrl":"https:\/\/tis.edu.vn\/wp-content\/uploads\/2021\/11\/New_Logo-06.png","width":5010,"height":3915,"caption":"Tr\u01b0\u1eddng Qu\u1ed1c T\u1ebf TIS"},"image":{"@id":"https:\/\/tis.edu.vn\/#\/schema\/logo\/image\/"},"sameAs":["https:\/\/www.facebook.com\/TruongquocteTIS\/?fref=ts","https:\/\/www.youtube.com\/channel\/UCyWzx0U8yCzYkaq6Ms4GRqg"]}]}},"_links":{"self":[{"href":"https:\/\/tis.edu.vn\/en\/wp-json\/wp\/v2\/pages\/8","targetHints":{"allow":["GET"]}}],"collection":[{"href":"https:\/\/tis.edu.vn\/en\/wp-json\/wp\/v2\/pages"}],"about":[{"href":"https:\/\/tis.edu.vn\/en\/wp-json\/wp\/v2\/types\/page"}],"author":[{"embeddable":true,"href":"https:\/\/tis.edu.vn\/en\/wp-json\/wp\/v2\/users\/1"}],"replies":[{"embeddable":true,"href":"https:\/\/tis.edu.vn\/en\/wp-json\/wp\/v2\/comments?post=8"}],"version-history":[{"count":0,"href":"https:\/\/tis.edu.vn\/en\/wp-json\/wp\/v2\/pages\/8\/revisions"}],"wp:attachment":[{"href":"https:\/\/tis.edu.vn\/en\/wp-json\/wp\/v2\/media?parent=8"}],"curies":[{"name":"wp","href":"https:\/\/api.w.org\/{rel}","templated":true}]}}