{"id":57730,"date":"2025-03-10T17:33:19","date_gmt":"2025-03-10T10:33:19","guid":{"rendered":"https:\/\/tis.edu.vn\/?page_id=57730"},"modified":"2025-03-10T17:37:02","modified_gmt":"2025-03-10T10:37:02","slug":"ve-noi-ghi-dau-lich-su-kinh-thanh-hue-mot-hanh-trinh-kham-pha-va-hoc-hoi","status":"publish","type":"page","link":"https:\/\/tis.edu.vn\/en\/ve-noi-ghi-dau-lich-su-kinh-thanh-hue-mot-hanh-trinh-kham-pha-va-hoc-hoi\/","title":{"rendered":"(Ti\u1ebfng Vi\u1ec7t) V\u1ec1 n\u01a1i ghi d\u1ea5u l\u1ecbch s\u1eed kinh th\u00e0nh Hu\u1ebf &#8211; m\u1ed9t h\u00e0nh tr\u00ecnh kh\u00e1m ph\u00e1 v\u00e0 h\u1ecdc h\u1ecfi"},"content":{"rendered":"<p class=\"qtranxs-available-languages-message qtranxs-available-languages-message-en\">Sorry, this entry is only available in <a href=\"https:\/\/tis.edu.vn\/vi\/wp-json\/wp\/v2\/pages\/57730\" class=\"qtranxs-available-language-link qtranxs-available-language-link-vi\" title=\"Ti\u1ebfng Vi\u1ec7t\">Ti\u1ebfng Vi\u1ec7t<\/a>.<\/p>","protected":false},"excerpt":{"rendered":"<p>Sorry, this entry is only available in Ti\u1ebfng Vi\u1ec7t.<\/p>","protected":false},"author":3,"featured_media":57734,"parent":0,"menu_order":0,"comment_status":"closed","ping_status":"closed","template":"","meta":{"footnotes":""},"class_list":["post-57730","page","type-page","status-publish","has-post-thumbnail","hentry"],"yoast_head":"<!-- This site is optimized with the Yoast SEO plugin v25.2 - https:\/\/yoast.com\/wordpress\/plugins\/seo\/ -->\n<title>(Ti\u1ebfng Vi\u1ec7t) V\u1ec1 n\u01a1i ghi d\u1ea5u l\u1ecbch s\u1eed kinh th\u00e0nh Hu\u1ebf - m\u1ed9t h\u00e0nh tr\u00ecnh kh\u00e1m ph\u00e1 v\u00e0 h\u1ecdc h\u1ecfi - Tr\u01b0\u1eddng Qu\u1ed1c T\u1ebf TIS<\/title>\n<meta name=\"robots\" content=\"index, follow, max-snippet:-1, max-image-preview:large, max-video-preview:-1\" \/>\n<link rel=\"canonical\" href=\"https:\/\/tis.edu.vn\/en\/ve-noi-ghi-dau-lich-su-kinh-thanh-hue-mot-hanh-trinh-kham-pha-va-hoc-hoi\/\" \/>\n<meta property=\"og:locale\" content=\"en_US\" \/>\n<meta property=\"og:type\" content=\"article\" \/>\n<meta property=\"og:title\" content=\"(Ti\u1ebfng Vi\u1ec7t) V\u1ec1 n\u01a1i ghi d\u1ea5u l\u1ecbch s\u1eed kinh th\u00e0nh Hu\u1ebf - m\u1ed9t h\u00e0nh tr\u00ecnh kh\u00e1m ph\u00e1 v\u00e0 h\u1ecdc h\u1ecfi - Tr\u01b0\u1eddng Qu\u1ed1c T\u1ebf TIS\" \/>\n<meta property=\"og:description\" content=\"Sorry, this entry is only available in Ti\u1ebfng Vi\u1ec7t.\" \/>\n<meta property=\"og:url\" content=\"https:\/\/tis.edu.vn\/en\/ve-noi-ghi-dau-lich-su-kinh-thanh-hue-mot-hanh-trinh-kham-pha-va-hoc-hoi\/\" \/>\n<meta property=\"og:site_name\" content=\"Tr\u01b0\u1eddng Qu\u1ed1c T\u1ebf TIS\" \/>\n<meta property=\"article:publisher\" content=\"https:\/\/www.facebook.com\/TruongquocteTIS\/?fref=ts\" \/>\n<meta property=\"article:modified_time\" content=\"2025-03-10T10:37:02+00:00\" \/>\n<meta property=\"og:image\" content=\"https:\/\/tis.edu.vn\/wp-content\/uploads\/2025\/03\/z6393141695634_c302250985369eae6c54a3450b3499ce.jpg\" \/>\n\t<meta property=\"og:image:width\" content=\"900\" \/>\n\t<meta property=\"og:image:height\" content=\"603\" \/>\n\t<meta property=\"og:image:type\" content=\"image\/jpeg\" \/>\n<meta name=\"twitter:card\" content=\"summary_large_image\" \/>\n<meta name=\"twitter:label1\" content=\"Est. reading time\" \/>\n\t<meta name=\"twitter:data1\" content=\"6 minutes\" \/>\n<script type=\"application\/ld+json\" class=\"yoast-schema-graph\">{\"@context\":\"https:\/\/schema.org\",\"@graph\":[{\"@type\":\"WebPage\",\"@id\":\"https:\/\/tis.edu.vn\/ve-noi-ghi-dau-lich-su-kinh-thanh-hue-mot-hanh-trinh-kham-pha-va-hoc-hoi\/\",\"url\":\"https:\/\/tis.edu.vn\/ve-noi-ghi-dau-lich-su-kinh-thanh-hue-mot-hanh-trinh-kham-pha-va-hoc-hoi\/\",\"name\":\"(Ti\u1ebfng Vi\u1ec7t) V\u1ec1 n\u01a1i ghi d\u1ea5u l\u1ecbch s\u1eed kinh th\u00e0nh Hu\u1ebf - m\u1ed9t h\u00e0nh tr\u00ecnh kh\u00e1m ph\u00e1 v\u00e0 h\u1ecdc h\u1ecfi - Tr\u01b0\u1eddng Qu\u1ed1c T\u1ebf TIS\",\"isPartOf\":{\"@id\":\"https:\/\/tis.edu.vn\/#website\"},\"primaryImageOfPage\":{\"@id\":\"https:\/\/tis.edu.vn\/ve-noi-ghi-dau-lich-su-kinh-thanh-hue-mot-hanh-trinh-kham-pha-va-hoc-hoi\/#primaryimage\"},\"image\":{\"@id\":\"https:\/\/tis.edu.vn\/ve-noi-ghi-dau-lich-su-kinh-thanh-hue-mot-hanh-trinh-kham-pha-va-hoc-hoi\/#primaryimage\"},\"thumbnailUrl\":\"https:\/\/tis.edu.vn\/wp-content\/uploads\/2025\/03\/z6393141695634_c302250985369eae6c54a3450b3499ce.jpg\",\"datePublished\":\"2025-03-10T10:33:19+00:00\",\"dateModified\":\"2025-03-10T10:37:02+00:00\",\"breadcrumb\":{\"@id\":\"https:\/\/tis.edu.vn\/ve-noi-ghi-dau-lich-su-kinh-thanh-hue-mot-hanh-trinh-kham-pha-va-hoc-hoi\/#breadcrumb\"},\"inLanguage\":\"en-US\",\"potentialAction\":[{\"@type\":\"ReadAction\",\"target\":[\"https:\/\/tis.edu.vn\/ve-noi-ghi-dau-lich-su-kinh-thanh-hue-mot-hanh-trinh-kham-pha-va-hoc-hoi\/\"]}]},{\"@type\":\"ImageObject\",\"inLanguage\":\"en-US\",\"@id\":\"https:\/\/tis.edu.vn\/ve-noi-ghi-dau-lich-su-kinh-thanh-hue-mot-hanh-trinh-kham-pha-va-hoc-hoi\/#primaryimage\",\"url\":\"https:\/\/tis.edu.vn\/wp-content\/uploads\/2025\/03\/z6393141695634_c302250985369eae6c54a3450b3499ce.jpg\",\"contentUrl\":\"https:\/\/tis.edu.vn\/wp-content\/uploads\/2025\/03\/z6393141695634_c302250985369eae6c54a3450b3499ce.jpg\",\"width\":900,\"height\":603},{\"@type\":\"BreadcrumbList\",\"@id\":\"https:\/\/tis.edu.vn\/ve-noi-ghi-dau-lich-su-kinh-thanh-hue-mot-hanh-trinh-kham-pha-va-hoc-hoi\/#breadcrumb\",\"itemListElement\":[{\"@type\":\"ListItem\",\"position\":1,\"name\":\"Home\",\"item\":\"https:\/\/tis.edu.vn\/\"},{\"@type\":\"ListItem\",\"position\":2,\"name\":\"V\u1ec1 n\u01a1i ghi d\u1ea5u l\u1ecbch s\u1eed kinh th\u00e0nh Hu\u1ebf &#8211; m\u1ed9t h\u00e0nh tr\u00ecnh kh\u00e1m ph\u00e1 v\u00e0 h\u1ecdc h\u1ecfi\"}]},{\"@type\":\"WebSite\",\"@id\":\"https:\/\/tis.edu.vn\/#website\",\"url\":\"https:\/\/tis.edu.vn\/\",\"name\":\"Tr\u01b0\u1eddng Qu\u1ed1c T\u1ebf TIS - Tr\u01b0\u1eddng Ph\u1ed5 Th\u00f4ng Qu\u1ed1c T\u1ebf Ch\u1ea5t L\u01b0\u1ee3ng\",\"description\":\"Tr\u01b0\u1eddng Ph\u1ed5 Th\u00f4ng Qu\u1ed1c T\u1ebf Ch\u1ea5t L\u01b0\u1ee3ng\",\"publisher\":{\"@id\":\"https:\/\/tis.edu.vn\/#organization\"},\"alternateName\":\"TIS\",\"potentialAction\":[{\"@type\":\"SearchAction\",\"target\":{\"@type\":\"EntryPoint\",\"urlTemplate\":\"https:\/\/tis.edu.vn\/?s={search_term_string}\"},\"query-input\":{\"@type\":\"PropertyValueSpecification\",\"valueRequired\":true,\"valueName\":\"search_term_string\"}}],\"inLanguage\":\"en-US\"},{\"@type\":\"Organization\",\"@id\":\"https:\/\/tis.edu.vn\/#organization\",\"name\":\"Tr\u01b0\u1eddng Qu\u1ed1c T\u1ebf TIS\",\"alternateName\":\"Tr\u01b0\u1eddng Qu\u1ed1c T\u1ebf TIS - Tr\u01b0\u1eddng Ph\u1ed5 Th\u00f4ng Qu\u1ed1c T\u1ebf Ch\u1ea5t L\u01b0\u1ee3ng\",\"url\":\"https:\/\/tis.edu.vn\/\",\"logo\":{\"@type\":\"ImageObject\",\"inLanguage\":\"en-US\",\"@id\":\"https:\/\/tis.edu.vn\/#\/schema\/logo\/image\/\",\"url\":\"https:\/\/tis.edu.vn\/wp-content\/uploads\/2021\/11\/New_Logo-06.png\",\"contentUrl\":\"https:\/\/tis.edu.vn\/wp-content\/uploads\/2021\/11\/New_Logo-06.png\",\"width\":5010,\"height\":3915,\"caption\":\"Tr\u01b0\u1eddng Qu\u1ed1c T\u1ebf TIS\"},\"image\":{\"@id\":\"https:\/\/tis.edu.vn\/#\/schema\/logo\/image\/\"},\"sameAs\":[\"https:\/\/www.facebook.com\/TruongquocteTIS\/?fref=ts\",\"https:\/\/www.youtube.com\/channel\/UCyWzx0U8yCzYkaq6Ms4GRqg\"]}]}<\/script>\n<!-- \/ Yoast SEO plugin. -->","yoast_head_json":{"title":"(Ti\u1ebfng Vi\u1ec7t) V\u1ec1 n\u01a1i ghi d\u1ea5u l\u1ecbch s\u1eed kinh th\u00e0nh Hu\u1ebf - m\u1ed9t h\u00e0nh tr\u00ecnh kh\u00e1m ph\u00e1 v\u00e0 h\u1ecdc h\u1ecfi - Tr\u01b0\u1eddng Qu\u1ed1c T\u1ebf TIS","robots":{"index":"index","follow":"follow","max-snippet":"max-snippet:-1","max-image-preview":"max-image-preview:large","max-video-preview":"max-video-preview:-1"},"canonical":"https:\/\/tis.edu.vn\/en\/ve-noi-ghi-dau-lich-su-kinh-thanh-hue-mot-hanh-trinh-kham-pha-va-hoc-hoi\/","og_locale":"en_US","og_type":"article","og_title":"(Ti\u1ebfng Vi\u1ec7t) V\u1ec1 n\u01a1i ghi d\u1ea5u l\u1ecbch s\u1eed kinh th\u00e0nh Hu\u1ebf - m\u1ed9t h\u00e0nh tr\u00ecnh kh\u00e1m ph\u00e1 v\u00e0 h\u1ecdc h\u1ecfi - Tr\u01b0\u1eddng Qu\u1ed1c T\u1ebf TIS","og_description":"Sorry, this entry is only available in Ti\u1ebfng Vi\u1ec7t.","og_url":"https:\/\/tis.edu.vn\/en\/ve-noi-ghi-dau-lich-su-kinh-thanh-hue-mot-hanh-trinh-kham-pha-va-hoc-hoi\/","og_site_name":"Tr\u01b0\u1eddng Qu\u1ed1c T\u1ebf TIS","article_publisher":"https:\/\/www.facebook.com\/TruongquocteTIS\/?fref=ts","article_modified_time":"2025-03-10T10:37:02+00:00","og_image":[{"width":900,"height":603,"url":"https:\/\/tis.edu.vn\/wp-content\/uploads\/2025\/03\/z6393141695634_c302250985369eae6c54a3450b3499ce.jpg","type":"image\/jpeg"}],"twitter_card":"summary_large_image","twitter_misc":{"Est. reading time":"6 minutes"},"schema":{"@context":"https:\/\/schema.org","@graph":[{"@type":"WebPage","@id":"https:\/\/tis.edu.vn\/ve-noi-ghi-dau-lich-su-kinh-thanh-hue-mot-hanh-trinh-kham-pha-va-hoc-hoi\/","url":"https:\/\/tis.edu.vn\/ve-noi-ghi-dau-lich-su-kinh-thanh-hue-mot-hanh-trinh-kham-pha-va-hoc-hoi\/","name":"(Ti\u1ebfng Vi\u1ec7t) V\u1ec1 n\u01a1i ghi d\u1ea5u l\u1ecbch s\u1eed kinh th\u00e0nh Hu\u1ebf - m\u1ed9t h\u00e0nh tr\u00ecnh kh\u00e1m ph\u00e1 v\u00e0 h\u1ecdc h\u1ecfi - Tr\u01b0\u1eddng Qu\u1ed1c T\u1ebf TIS","isPartOf":{"@id":"https:\/\/tis.edu.vn\/#website"},"primaryImageOfPage":{"@id":"https:\/\/tis.edu.vn\/ve-noi-ghi-dau-lich-su-kinh-thanh-hue-mot-hanh-trinh-kham-pha-va-hoc-hoi\/#primaryimage"},"image":{"@id":"https:\/\/tis.edu.vn\/ve-noi-ghi-dau-lich-su-kinh-thanh-hue-mot-hanh-trinh-kham-pha-va-hoc-hoi\/#primaryimage"},"thumbnailUrl":"https:\/\/tis.edu.vn\/wp-content\/uploads\/2025\/03\/z6393141695634_c302250985369eae6c54a3450b3499ce.jpg","datePublished":"2025-03-10T10:33:19+00:00","dateModified":"2025-03-10T10:37:02+00:00","breadcrumb":{"@id":"https:\/\/tis.edu.vn\/ve-noi-ghi-dau-lich-su-kinh-thanh-hue-mot-hanh-trinh-kham-pha-va-hoc-hoi\/#breadcrumb"},"inLanguage":"en-US","potentialAction":[{"@type":"ReadAction","target":["https:\/\/tis.edu.vn\/ve-noi-ghi-dau-lich-su-kinh-thanh-hue-mot-hanh-trinh-kham-pha-va-hoc-hoi\/"]}]},{"@type":"ImageObject","inLanguage":"en-US","@id":"https:\/\/tis.edu.vn\/ve-noi-ghi-dau-lich-su-kinh-thanh-hue-mot-hanh-trinh-kham-pha-va-hoc-hoi\/#primaryimage","url":"https:\/\/tis.edu.vn\/wp-content\/uploads\/2025\/03\/z6393141695634_c302250985369eae6c54a3450b3499ce.jpg","contentUrl":"https:\/\/tis.edu.vn\/wp-content\/uploads\/2025\/03\/z6393141695634_c302250985369eae6c54a3450b3499ce.jpg","width":900,"height":603},{"@type":"BreadcrumbList","@id":"https:\/\/tis.edu.vn\/ve-noi-ghi-dau-lich-su-kinh-thanh-hue-mot-hanh-trinh-kham-pha-va-hoc-hoi\/#breadcrumb","itemListElement":[{"@type":"ListItem","position":1,"name":"Home","item":"https:\/\/tis.edu.vn\/"},{"@type":"ListItem","position":2,"name":"V\u1ec1 n\u01a1i ghi d\u1ea5u l\u1ecbch s\u1eed kinh th\u00e0nh Hu\u1ebf &#8211; m\u1ed9t h\u00e0nh tr\u00ecnh kh\u00e1m ph\u00e1 v\u00e0 h\u1ecdc h\u1ecfi"}]},{"@type":"WebSite","@id":"https:\/\/tis.edu.vn\/#website","url":"https:\/\/tis.edu.vn\/","name":"Tr\u01b0\u1eddng Qu\u1ed1c T\u1ebf TIS - Tr\u01b0\u1eddng Ph\u1ed5 Th\u00f4ng Qu\u1ed1c T\u1ebf Ch\u1ea5t L\u01b0\u1ee3ng","description":"Tr\u01b0\u1eddng Ph\u1ed5 Th\u00f4ng Qu\u1ed1c T\u1ebf Ch\u1ea5t L\u01b0\u1ee3ng","publisher":{"@id":"https:\/\/tis.edu.vn\/#organization"},"alternateName":"TIS","potentialAction":[{"@type":"SearchAction","target":{"@type":"EntryPoint","urlTemplate":"https:\/\/tis.edu.vn\/?s={search_term_string}"},"query-input":{"@type":"PropertyValueSpecification","valueRequired":true,"valueName":"search_term_string"}}],"inLanguage":"en-US"},{"@type":"Organization","@id":"https:\/\/tis.edu.vn\/#organization","name":"Tr\u01b0\u1eddng Qu\u1ed1c T\u1ebf TIS","alternateName":"Tr\u01b0\u1eddng Qu\u1ed1c T\u1ebf TIS - Tr\u01b0\u1eddng Ph\u1ed5 Th\u00f4ng Qu\u1ed1c T\u1ebf Ch\u1ea5t L\u01b0\u1ee3ng","url":"https:\/\/tis.edu.vn\/","logo":{"@type":"ImageObject","inLanguage":"en-US","@id":"https:\/\/tis.edu.vn\/#\/schema\/logo\/image\/","url":"https:\/\/tis.edu.vn\/wp-content\/uploads\/2021\/11\/New_Logo-06.png","contentUrl":"https:\/\/tis.edu.vn\/wp-content\/uploads\/2021\/11\/New_Logo-06.png","width":5010,"height":3915,"caption":"Tr\u01b0\u1eddng Qu\u1ed1c T\u1ebf TIS"},"image":{"@id":"https:\/\/tis.edu.vn\/#\/schema\/logo\/image\/"},"sameAs":["https:\/\/www.facebook.com\/TruongquocteTIS\/?fref=ts","https:\/\/www.youtube.com\/channel\/UCyWzx0U8yCzYkaq6Ms4GRqg"]}]}},"_links":{"self":[{"href":"https:\/\/tis.edu.vn\/en\/wp-json\/wp\/v2\/pages\/57730","targetHints":{"allow":["GET"]}}],"collection":[{"href":"https:\/\/tis.edu.vn\/en\/wp-json\/wp\/v2\/pages"}],"about":[{"href":"https:\/\/tis.edu.vn\/en\/wp-json\/wp\/v2\/types\/page"}],"author":[{"embeddable":true,"href":"https:\/\/tis.edu.vn\/en\/wp-json\/wp\/v2\/users\/3"}],"replies":[{"embeddable":true,"href":"https:\/\/tis.edu.vn\/en\/wp-json\/wp\/v2\/comments?post=57730"}],"version-history":[{"count":0,"href":"https:\/\/tis.edu.vn\/en\/wp-json\/wp\/v2\/pages\/57730\/revisions"}],"wp:featuredmedia":[{"embeddable":true,"href":"https:\/\/tis.edu.vn\/en\/wp-json\/wp\/v2\/media\/57734"}],"wp:attachment":[{"href":"https:\/\/tis.edu.vn\/en\/wp-json\/wp\/v2\/media?parent=57730"}],"curies":[{"name":"wp","href":"https:\/\/api.w.org\/{rel}","templated":true}]}}