{"id":46597,"date":"2019-09-03T21:34:08","date_gmt":"2019-09-03T14:34:08","guid":{"rendered":"https:\/\/tis.edu.vn\/?page_id=46597"},"modified":"2023-10-24T11:18:40","modified_gmt":"2023-10-24T04:18:40","slug":"spellingbee","status":"publish","type":"page","link":"https:\/\/tis.edu.vn\/en\/spellingbee\/","title":{"rendered":"(Ti\u1ebfng Vi\u1ec7t) SpellingBee2020"},"content":{"rendered":"<p class=\"qtranxs-available-languages-message qtranxs-available-languages-message-en\">Sorry, this entry is only available in <a href=\"https:\/\/tis.edu.vn\/vi\/wp-json\/wp\/v2\/pages\/46597\" class=\"qtranxs-available-language-link qtranxs-available-language-link-vi\" title=\"Ti\u1ebfng Vi\u1ec7t\">Ti\u1ebfng Vi\u1ec7t<\/a>.<\/p>","protected":false},"excerpt":{"rendered":"<p>Sorry, this entry is only available in Ti\u1ebfng Vi\u1ec7t.<\/p>","protected":false},"author":1,"featured_media":0,"parent":0,"menu_order":0,"comment_status":"closed","ping_status":"closed","template":"","meta":{"footnotes":""},"class_list":["post-46597","page","type-page","status-publish","hentry"],"yoast_head":"<!-- This site is optimized with the Yoast SEO plugin v25.2 - https:\/\/yoast.com\/wordpress\/plugins\/seo\/ -->\n<title><\/title>\n<meta name=\"description\" content=\"{:vi}Cu\u1ed9c thi TIS Spelling Bee 2020 - L\u1ea7n 04 l\u00e0 s\u00e2n ch\u01a1i gi\u00fap c\u00e1c em h\u1ecdc sinh Ti\u1ec3u h\u1ecdc ph\u00e1t tri\u1ec3n t\u01b0 duy ng\u00f4n ng\u1eef v\u00e0 kh\u1ea3 n\u0103ng l\u00e0m ch\u1ee7 s\u00e2n kh\u1ea5u ngay t\u1eeb khi c\u00f2n nh\u1ecf th\u00f4ng qua vi\u1ec7c h\u1ecdc t\u1eeb v\u1ef1ng, m\u1eabu c\u00e2u v\u00e0 ph\u00e1t \u00e2m t\u1ef1 nhi\u00ean{:}\" \/>\n<meta name=\"robots\" content=\"index, follow, max-snippet:-1, max-image-preview:large, max-video-preview:-1\" \/>\n<link rel=\"canonical\" href=\"https:\/\/tis.edu.vn\/en\/spellingbee\/\" \/>\n<meta property=\"og:locale\" content=\"en_US\" \/>\n<meta property=\"og:type\" content=\"article\" \/>\n<meta property=\"og:title\" content=\"[:vi]Spelling Bee - Tr\u01b0\u1eddng Qu\u1ed1c T\u1ebf TIS[:]\" \/>\n<meta property=\"og:description\" content=\"{:vi}Cu\u1ed9c thi TIS Spelling Bee 2020 - L\u1ea7n 04 l\u00e0 s\u00e2n ch\u01a1i gi\u00fap c\u00e1c em h\u1ecdc sinh Ti\u1ec3u h\u1ecdc ph\u00e1t tri\u1ec3n t\u01b0 duy ng\u00f4n ng\u1eef v\u00e0 kh\u1ea3 n\u0103ng l\u00e0m ch\u1ee7 s\u00e2n kh\u1ea5u ngay t\u1eeb khi c\u00f2n nh\u1ecf th\u00f4ng qua vi\u1ec7c h\u1ecdc t\u1eeb v\u1ef1ng, m\u1eabu c\u00e2u v\u00e0 ph\u00e1t \u00e2m t\u1ef1 nhi\u00ean{:}\" \/>\n<meta property=\"og:url\" content=\"https:\/\/tis.edu.vn\/en\/spellingbee\/\" \/>\n<meta property=\"og:site_name\" content=\"Tr\u01b0\u1eddng Qu\u1ed1c T\u1ebf TIS\" \/>\n<meta property=\"article:publisher\" content=\"https:\/\/www.facebook.com\/TruongquocteTIS\/?fref=ts\" \/>\n<meta property=\"article:modified_time\" content=\"2023-10-24T04:18:40+00:00\" \/>\n<meta property=\"og:image\" content=\"https:\/\/tis.edu.vn\/wp-content\/uploads\/2020\/07\/truong-quoc-te-tis-507988.jpg\" \/>\n\t<meta property=\"og:image:width\" content=\"800\" \/>\n\t<meta property=\"og:image:height\" content=\"450\" \/>\n\t<meta property=\"og:image:type\" content=\"image\/jpeg\" \/>\n<meta name=\"twitter:card\" content=\"summary_large_image\" \/>\n<meta name=\"twitter:label1\" content=\"Est. reading time\" \/>\n\t<meta name=\"twitter:data1\" content=\"2 minutes\" \/>\n<script type=\"application\/ld+json\" class=\"yoast-schema-graph\">{\"@context\":\"https:\/\/schema.org\",\"@graph\":[{\"@type\":\"WebPage\",\"@id\":\"https:\/\/tis.edu.vn\/spellingbee\/\",\"url\":\"https:\/\/tis.edu.vn\/spellingbee\/\",\"name\":\"[:vi]Spelling Bee - Tr\u01b0\u1eddng Qu\u1ed1c T\u1ebf TIS[:]\",\"isPartOf\":{\"@id\":\"https:\/\/tis.edu.vn\/#website\"},\"datePublished\":\"2019-09-03T14:34:08+00:00\",\"dateModified\":\"2023-10-24T04:18:40+00:00\",\"description\":\"{:vi}Cu\u1ed9c thi TIS Spelling Bee 2020 - L\u1ea7n 04 l\u00e0 s\u00e2n ch\u01a1i gi\u00fap c\u00e1c em h\u1ecdc sinh Ti\u1ec3u h\u1ecdc ph\u00e1t tri\u1ec3n t\u01b0 duy ng\u00f4n ng\u1eef v\u00e0 kh\u1ea3 n\u0103ng l\u00e0m ch\u1ee7 s\u00e2n kh\u1ea5u ngay t\u1eeb khi c\u00f2n nh\u1ecf th\u00f4ng qua vi\u1ec7c h\u1ecdc t\u1eeb v\u1ef1ng, m\u1eabu c\u00e2u v\u00e0 ph\u00e1t \u00e2m t\u1ef1 nhi\u00ean{:}\",\"breadcrumb\":{\"@id\":\"https:\/\/tis.edu.vn\/spellingbee\/#breadcrumb\"},\"inLanguage\":\"en-US\",\"potentialAction\":[{\"@type\":\"ReadAction\",\"target\":[\"https:\/\/tis.edu.vn\/spellingbee\/\"]}]},{\"@type\":\"BreadcrumbList\",\"@id\":\"https:\/\/tis.edu.vn\/spellingbee\/#breadcrumb\",\"itemListElement\":[{\"@type\":\"ListItem\",\"position\":1,\"name\":\"Home\",\"item\":\"https:\/\/tis.edu.vn\/\"},{\"@type\":\"ListItem\",\"position\":2,\"name\":\"SpellingBee2020\"}]},{\"@type\":\"WebSite\",\"@id\":\"https:\/\/tis.edu.vn\/#website\",\"url\":\"https:\/\/tis.edu.vn\/\",\"name\":\"Tr\u01b0\u1eddng Qu\u1ed1c T\u1ebf TIS - Tr\u01b0\u1eddng Ph\u1ed5 Th\u00f4ng Qu\u1ed1c T\u1ebf Ch\u1ea5t L\u01b0\u1ee3ng\",\"description\":\"Tr\u01b0\u1eddng Ph\u1ed5 Th\u00f4ng Qu\u1ed1c T\u1ebf Ch\u1ea5t L\u01b0\u1ee3ng\",\"publisher\":{\"@id\":\"https:\/\/tis.edu.vn\/#organization\"},\"alternateName\":\"TIS\",\"potentialAction\":[{\"@type\":\"SearchAction\",\"target\":{\"@type\":\"EntryPoint\",\"urlTemplate\":\"https:\/\/tis.edu.vn\/?s={search_term_string}\"},\"query-input\":{\"@type\":\"PropertyValueSpecification\",\"valueRequired\":true,\"valueName\":\"search_term_string\"}}],\"inLanguage\":\"en-US\"},{\"@type\":\"Organization\",\"@id\":\"https:\/\/tis.edu.vn\/#organization\",\"name\":\"Tr\u01b0\u1eddng Qu\u1ed1c T\u1ebf TIS\",\"alternateName\":\"Tr\u01b0\u1eddng Qu\u1ed1c T\u1ebf TIS - Tr\u01b0\u1eddng Ph\u1ed5 Th\u00f4ng Qu\u1ed1c T\u1ebf Ch\u1ea5t L\u01b0\u1ee3ng\",\"url\":\"https:\/\/tis.edu.vn\/\",\"logo\":{\"@type\":\"ImageObject\",\"inLanguage\":\"en-US\",\"@id\":\"https:\/\/tis.edu.vn\/#\/schema\/logo\/image\/\",\"url\":\"https:\/\/tis.edu.vn\/wp-content\/uploads\/2021\/11\/New_Logo-06.png\",\"contentUrl\":\"https:\/\/tis.edu.vn\/wp-content\/uploads\/2021\/11\/New_Logo-06.png\",\"width\":5010,\"height\":3915,\"caption\":\"Tr\u01b0\u1eddng Qu\u1ed1c T\u1ebf TIS\"},\"image\":{\"@id\":\"https:\/\/tis.edu.vn\/#\/schema\/logo\/image\/\"},\"sameAs\":[\"https:\/\/www.facebook.com\/TruongquocteTIS\/?fref=ts\",\"https:\/\/www.youtube.com\/channel\/UCyWzx0U8yCzYkaq6Ms4GRqg\"]}]}<\/script>\n<!-- \/ Yoast SEO plugin. -->","yoast_head_json":{"title":"[:vi]Spelling Bee - Tr\u01b0\u1eddng Qu\u1ed1c T\u1ebf TIS[:]","description":"{:vi}Cu\u1ed9c thi TIS Spelling Bee 2020 - L\u1ea7n 04 l\u00e0 s\u00e2n ch\u01a1i gi\u00fap c\u00e1c em h\u1ecdc sinh Ti\u1ec3u h\u1ecdc ph\u00e1t tri\u1ec3n t\u01b0 duy ng\u00f4n ng\u1eef v\u00e0 kh\u1ea3 n\u0103ng l\u00e0m ch\u1ee7 s\u00e2n kh\u1ea5u ngay t\u1eeb khi c\u00f2n nh\u1ecf th\u00f4ng qua vi\u1ec7c h\u1ecdc t\u1eeb v\u1ef1ng, m\u1eabu c\u00e2u v\u00e0 ph\u00e1t \u00e2m t\u1ef1 nhi\u00ean{:}","robots":{"index":"index","follow":"follow","max-snippet":"max-snippet:-1","max-image-preview":"max-image-preview:large","max-video-preview":"max-video-preview:-1"},"canonical":"https:\/\/tis.edu.vn\/en\/spellingbee\/","og_locale":"en_US","og_type":"article","og_title":"[:vi]Spelling Bee - Tr\u01b0\u1eddng Qu\u1ed1c T\u1ebf TIS[:]","og_description":"{:vi}Cu\u1ed9c thi TIS Spelling Bee 2020 - L\u1ea7n 04 l\u00e0 s\u00e2n ch\u01a1i gi\u00fap c\u00e1c em h\u1ecdc sinh Ti\u1ec3u h\u1ecdc ph\u00e1t tri\u1ec3n t\u01b0 duy ng\u00f4n ng\u1eef v\u00e0 kh\u1ea3 n\u0103ng l\u00e0m ch\u1ee7 s\u00e2n kh\u1ea5u ngay t\u1eeb khi c\u00f2n nh\u1ecf th\u00f4ng qua vi\u1ec7c h\u1ecdc t\u1eeb v\u1ef1ng, m\u1eabu c\u00e2u v\u00e0 ph\u00e1t \u00e2m t\u1ef1 nhi\u00ean{:}","og_url":"https:\/\/tis.edu.vn\/en\/spellingbee\/","og_site_name":"Tr\u01b0\u1eddng Qu\u1ed1c T\u1ebf TIS","article_publisher":"https:\/\/www.facebook.com\/TruongquocteTIS\/?fref=ts","article_modified_time":"2023-10-24T04:18:40+00:00","og_image":[{"width":800,"height":450,"url":"https:\/\/tis.edu.vn\/wp-content\/uploads\/2020\/07\/truong-quoc-te-tis-507988.jpg","type":"image\/jpeg"}],"twitter_card":"summary_large_image","twitter_misc":{"Est. reading time":"2 minutes"},"schema":{"@context":"https:\/\/schema.org","@graph":[{"@type":"WebPage","@id":"https:\/\/tis.edu.vn\/spellingbee\/","url":"https:\/\/tis.edu.vn\/spellingbee\/","name":"[:vi]Spelling Bee - Tr\u01b0\u1eddng Qu\u1ed1c T\u1ebf TIS[:]","isPartOf":{"@id":"https:\/\/tis.edu.vn\/#website"},"datePublished":"2019-09-03T14:34:08+00:00","dateModified":"2023-10-24T04:18:40+00:00","description":"{:vi}Cu\u1ed9c thi TIS Spelling Bee 2020 - L\u1ea7n 04 l\u00e0 s\u00e2n ch\u01a1i gi\u00fap c\u00e1c em h\u1ecdc sinh Ti\u1ec3u h\u1ecdc ph\u00e1t tri\u1ec3n t\u01b0 duy ng\u00f4n ng\u1eef v\u00e0 kh\u1ea3 n\u0103ng l\u00e0m ch\u1ee7 s\u00e2n kh\u1ea5u ngay t\u1eeb khi c\u00f2n nh\u1ecf th\u00f4ng qua vi\u1ec7c h\u1ecdc t\u1eeb v\u1ef1ng, m\u1eabu c\u00e2u v\u00e0 ph\u00e1t \u00e2m t\u1ef1 nhi\u00ean{:}","breadcrumb":{"@id":"https:\/\/tis.edu.vn\/spellingbee\/#breadcrumb"},"inLanguage":"en-US","potentialAction":[{"@type":"ReadAction","target":["https:\/\/tis.edu.vn\/spellingbee\/"]}]},{"@type":"BreadcrumbList","@id":"https:\/\/tis.edu.vn\/spellingbee\/#breadcrumb","itemListElement":[{"@type":"ListItem","position":1,"name":"Home","item":"https:\/\/tis.edu.vn\/"},{"@type":"ListItem","position":2,"name":"SpellingBee2020"}]},{"@type":"WebSite","@id":"https:\/\/tis.edu.vn\/#website","url":"https:\/\/tis.edu.vn\/","name":"Tr\u01b0\u1eddng Qu\u1ed1c T\u1ebf TIS - Tr\u01b0\u1eddng Ph\u1ed5 Th\u00f4ng Qu\u1ed1c T\u1ebf Ch\u1ea5t L\u01b0\u1ee3ng","description":"Tr\u01b0\u1eddng Ph\u1ed5 Th\u00f4ng Qu\u1ed1c T\u1ebf Ch\u1ea5t L\u01b0\u1ee3ng","publisher":{"@id":"https:\/\/tis.edu.vn\/#organization"},"alternateName":"TIS","potentialAction":[{"@type":"SearchAction","target":{"@type":"EntryPoint","urlTemplate":"https:\/\/tis.edu.vn\/?s={search_term_string}"},"query-input":{"@type":"PropertyValueSpecification","valueRequired":true,"valueName":"search_term_string"}}],"inLanguage":"en-US"},{"@type":"Organization","@id":"https:\/\/tis.edu.vn\/#organization","name":"Tr\u01b0\u1eddng Qu\u1ed1c T\u1ebf TIS","alternateName":"Tr\u01b0\u1eddng Qu\u1ed1c T\u1ebf TIS - Tr\u01b0\u1eddng Ph\u1ed5 Th\u00f4ng Qu\u1ed1c T\u1ebf Ch\u1ea5t L\u01b0\u1ee3ng","url":"https:\/\/tis.edu.vn\/","logo":{"@type":"ImageObject","inLanguage":"en-US","@id":"https:\/\/tis.edu.vn\/#\/schema\/logo\/image\/","url":"https:\/\/tis.edu.vn\/wp-content\/uploads\/2021\/11\/New_Logo-06.png","contentUrl":"https:\/\/tis.edu.vn\/wp-content\/uploads\/2021\/11\/New_Logo-06.png","width":5010,"height":3915,"caption":"Tr\u01b0\u1eddng Qu\u1ed1c T\u1ebf TIS"},"image":{"@id":"https:\/\/tis.edu.vn\/#\/schema\/logo\/image\/"},"sameAs":["https:\/\/www.facebook.com\/TruongquocteTIS\/?fref=ts","https:\/\/www.youtube.com\/channel\/UCyWzx0U8yCzYkaq6Ms4GRqg"]}]}},"_links":{"self":[{"href":"https:\/\/tis.edu.vn\/en\/wp-json\/wp\/v2\/pages\/46597","targetHints":{"allow":["GET"]}}],"collection":[{"href":"https:\/\/tis.edu.vn\/en\/wp-json\/wp\/v2\/pages"}],"about":[{"href":"https:\/\/tis.edu.vn\/en\/wp-json\/wp\/v2\/types\/page"}],"author":[{"embeddable":true,"href":"https:\/\/tis.edu.vn\/en\/wp-json\/wp\/v2\/users\/1"}],"replies":[{"embeddable":true,"href":"https:\/\/tis.edu.vn\/en\/wp-json\/wp\/v2\/comments?post=46597"}],"version-history":[{"count":0,"href":"https:\/\/tis.edu.vn\/en\/wp-json\/wp\/v2\/pages\/46597\/revisions"}],"wp:attachment":[{"href":"https:\/\/tis.edu.vn\/en\/wp-json\/wp\/v2\/media?parent=46597"}],"curies":[{"name":"wp","href":"https:\/\/api.w.org\/{rel}","templated":true}]}}