{"id":3128,"date":"2016-03-22T02:17:28","date_gmt":"2016-03-22T02:17:28","guid":{"rendered":"http:\/\/demoweb.ndthinh.com\/?page_id=3128"},"modified":"2025-11-22T09:35:26","modified_gmt":"2025-11-22T02:35:26","slug":"lich-nam-hoc-tis","status":"publish","type":"page","link":"https:\/\/tis.edu.vn\/en\/lich-nam-hoc-tis\/","title":{"rendered":"L\u1ecbch n\u0103m h\u1ecdc"},"content":{"rendered":"<div data-elementor-type=\"wp-page\" data-elementor-id=\"3128\" class=\"elementor elementor-3128\" data-elementor-post-type=\"page\">\n\t\t\t\t\t\t<section class=\"elementor-section elementor-top-section elementor-element elementor-element-36dd5c5 elementor-section-full_width elementor-section-height-min-height elementor-section-height-default elementor-section-items-middle\" data-id=\"36dd5c5\" data-element_type=\"section\" data-settings=\"{&quot;background_background&quot;:&quot;classic&quot;}\">\n\t\t\t\t\t\t\t<div class=\"elementor-background-overlay\"><\/div>\n\t\t\t\t\t\t\t<div class=\"elementor-container elementor-column-gap-no\">\n\t\t\t\t\t<div class=\"aux-parallax-section elementor-column elementor-col-100 elementor-top-column elementor-element elementor-element-7a0681d\" data-id=\"7a0681d\" data-element_type=\"column\">\n\t\t\t<div class=\"elementor-widget-wrap\">\n\t\t\t\t\t\t\t<\/div>\n\t\t<\/div>\n\t\t\t\t\t<\/div>\n\t\t<\/section>\n\t\t<div class=\"aux-parallax-section elementor-element elementor-element-ccff0c0 e-flex e-con-boxed e-con e-parent\" data-id=\"ccff0c0\" data-element_type=\"container\">\n\t\t\t\t\t<div class=\"e-con-inner\">\n\t\t\t\t<div class=\"elementor-element elementor-element-740e6cb elementor-widget elementor-widget-heading\" data-id=\"740e6cb\" data-element_type=\"widget\" data-widget_type=\"heading.default\">\n\t\t\t\t<div class=\"elementor-widget-container\">\n\t\t\t\t\t<h2 class=\"elementor-heading-title elementor-size-default\">L\u1ecaCH N\u0102M H\u1eccC<\/h2>\t\t\t\t<\/div>\n\t\t\t\t<\/div>\n\t\t\t\t\t<\/div>\n\t\t\t\t<\/div>\n\t\t<div class=\"aux-parallax-section elementor-element elementor-element-9acf712 e-flex e-con-boxed e-con e-parent\" data-id=\"9acf712\" data-element_type=\"container\">\n\t\t\t\t\t<div class=\"e-con-inner\">\n\t\t\t\t<div class=\"elementor-element elementor-element-78e336a elementor-widget elementor-widget-image\" data-id=\"78e336a\" data-element_type=\"widget\" data-widget_type=\"image.default\">\n\t\t\t\t<div class=\"elementor-widget-container\">\n\t\t\t\t\t\t\t\t\t\t\t\t\t\t\t<img fetchpriority=\"high\" decoding=\"async\" width=\"3508\" height=\"4949\" src=\"https:\/\/tis.edu.vn\/wp-content\/uploads\/2025\/11\/SCHOOL-CALENDAR-01-1.png\" class=\"attachment-full size-full wp-image-63618\" alt=\"\" srcset=\"https:\/\/tis.edu.vn\/wp-content\/uploads\/2025\/11\/SCHOOL-CALENDAR-01-1.png 3508w, https:\/\/tis.edu.vn\/wp-content\/uploads\/2025\/11\/SCHOOL-CALENDAR-01-1-1089x1536.png 1089w, https:\/\/tis.edu.vn\/wp-content\/uploads\/2025\/11\/SCHOOL-CALENDAR-01-1-1452x2048.png 1452w, https:\/\/tis.edu.vn\/wp-content\/uploads\/2025\/11\/SCHOOL-CALENDAR-01-1-9x12.png 9w\" sizes=\"(max-width: 3508px) 100vw, 3508px\" \/>\t\t\t\t\t\t\t\t\t\t\t\t\t\t\t<\/div>\n\t\t\t\t<\/div>\n\t\t<div class=\"elementor-element elementor-element-4ceb739 e-con-full e-flex e-con e-child\" data-id=\"4ceb739\" data-element_type=\"container\">\n\t\t\t\t<div class=\"elementor-element elementor-element-ef4ac58 elementor-widget elementor-widget-image\" data-id=\"ef4ac58\" data-element_type=\"widget\" data-widget_type=\"image.default\">\n\t\t\t\t<div class=\"elementor-widget-container\">\n\t\t\t\t\t\t\t\t\t\t\t\t\t\t\t<img decoding=\"async\" width=\"3508\" height=\"4949\" src=\"https:\/\/tis.edu.vn\/wp-content\/uploads\/2025\/11\/SCHOOL-CALENDAR-02-1.png\" class=\"attachment-full size-full wp-image-63619\" alt=\"\" srcset=\"https:\/\/tis.edu.vn\/wp-content\/uploads\/2025\/11\/SCHOOL-CALENDAR-02-1.png 3508w, https:\/\/tis.edu.vn\/wp-content\/uploads\/2025\/11\/SCHOOL-CALENDAR-02-1-1089x1536.png 1089w, https:\/\/tis.edu.vn\/wp-content\/uploads\/2025\/11\/SCHOOL-CALENDAR-02-1-1452x2048.png 1452w, https:\/\/tis.edu.vn\/wp-content\/uploads\/2025\/11\/SCHOOL-CALENDAR-02-1-9x12.png 9w\" sizes=\"(max-width: 3508px) 100vw, 3508px\" \/>\t\t\t\t\t\t\t\t\t\t\t\t\t\t\t<\/div>\n\t\t\t\t<\/div>\n\t\t\t\t<\/div>\n\t\t\t\t\t<\/div>\n\t\t\t\t<\/div>\n\t\t<div class=\"aux-parallax-section elementor-element elementor-element-5996d301 e-flex e-con-boxed e-con e-parent\" data-id=\"5996d301\" data-element_type=\"container\" data-settings=\"{&quot;background_background&quot;:&quot;classic&quot;}\">\n\t\t\t\t\t<div class=\"e-con-inner\">\n\t\t<div class=\"elementor-element elementor-element-7b10f011 e-con-full e-flex e-con e-child\" data-id=\"7b10f011\" data-element_type=\"container\" data-settings=\"{&quot;background_background&quot;:&quot;classic&quot;}\">\n\t\t\t\t<div class=\"elementor-element elementor-element-33423737 elementor-widget elementor-widget-heading\" data-id=\"33423737\" data-element_type=\"widget\" data-widget_type=\"heading.default\">\n\t\t\t\t<div class=\"elementor-widget-container\">\n\t\t\t\t\t<h2 class=\"elementor-heading-title elementor-size-default\">\u0110\u0103ng k\u00fd school tour<\/h2>\t\t\t\t<\/div>\n\t\t\t\t<\/div>\n\t\t\t\t<div class=\"elementor-element elementor-element-1c455088 elementor-widget elementor-widget-aux_contact_form\" data-id=\"1c455088\" data-element_type=\"widget\" data-widget_type=\"aux_contact_form.default\">\n\t\t\t\t<div class=\"elementor-widget-container\">\n\t\t\t\t\t<section class=\"widget-container aux-widget-contact-form aux-parent-au60fb438f\">            <div class=\"aux-col-wrapper aux-no-gutter\">\n            <!-- @TODO - The output for element here -->\n\n            \n<div class=\"wpcf7 no-js\" id=\"wpcf7-f57820-o1\" lang=\"vi\" dir=\"ltr\" data-wpcf7-id=\"57820\">\n<div class=\"screen-reader-response\"><p role=\"status\" aria-live=\"polite\" aria-atomic=\"true\"><\/p> <ul><\/ul><\/div>\n<form action=\"\/en\/wp-json\/wp\/v2\/pages\/3128#wpcf7-f57820-o1\" method=\"post\" class=\"wpcf7-form init\" aria-label=\"Form li\u00ean h\u1ec7\" novalidate=\"novalidate\" data-status=\"init\" data-trp-original-action=\"\/en\/wp-json\/wp\/v2\/pages\/3128#wpcf7-f57820-o1\">\n<div style=\"display: none;\">\n<input type=\"hidden\" name=\"_wpcf7\" value=\"57820\" \/>\n<input type=\"hidden\" name=\"_wpcf7_version\" value=\"6.0.6\" \/>\n<input type=\"hidden\" name=\"_wpcf7_locale\" value=\"vi\" \/>\n<input type=\"hidden\" name=\"_wpcf7_unit_tag\" value=\"wpcf7-f57820-o1\" \/>\n<input type=\"hidden\" name=\"_wpcf7_container_post\" value=\"0\" \/>\n<input type=\"hidden\" name=\"_wpcf7_posted_data_hash\" value=\"\" \/>\n<\/div>\n<div class=\"tis-form-row\">\n\t<p><span class=\"wpcf7-form-control-wrap\" data-name=\"parent-name\"><input size=\"40\" maxlength=\"400\" class=\"wpcf7-form-control wpcf7-text wpcf7-validates-as-required\" autocomplete=\"name\" aria-required=\"true\" aria-invalid=\"false\" placeholder=\"H\u1ecd v\u00e0 t\u00ean Ph\u1ee5 huynh\" value=\"\" type=\"text\" name=\"parent-name\" \/><\/span><br \/>\n<span class=\"wpcf7-form-control-wrap\" data-name=\"mobile\"><input size=\"40\" maxlength=\"400\" class=\"wpcf7-form-control wpcf7-tel wpcf7-validates-as-required wpcf7-text wpcf7-validates-as-tel\" aria-required=\"true\" aria-invalid=\"false\" placeholder=\"S\u1ed1 \u0111i\u1ec7n tho\u1ea1i\" value=\"\" type=\"tel\" name=\"mobile\" \/><\/span>\n\t<\/p>\n<\/div>\n<div class=\"tis-form-row\">\n\t<p><span class=\"wpcf7-form-control-wrap\" data-name=\"email\"><input size=\"40\" maxlength=\"400\" class=\"wpcf7-form-control wpcf7-email wpcf7-validates-as-required wpcf7-text wpcf7-validates-as-email\" autocomplete=\"email\" aria-required=\"true\" aria-invalid=\"false\" placeholder=\"\u0110\u1ecba ch\u1ec9 email\" value=\"\" type=\"email\" name=\"email\" \/><\/span>\n\t<\/p>\n<\/div>\n<div class=\"tis-form-row\">\n\t<p><span class=\"wpcf7-form-control-wrap\" data-name=\"student-level\"><input size=\"40\" maxlength=\"400\" class=\"wpcf7-form-control wpcf7-text wpcf7-validates-as-required\" aria-required=\"true\" aria-invalid=\"false\" placeholder=\"C\u1ea5p h\u1ecdc\" value=\"\" type=\"text\" name=\"student-level\" \/><\/span><br \/>\n<span class=\"wpcf7-form-control-wrap\" data-name=\"student-class\"><input size=\"40\" maxlength=\"400\" class=\"wpcf7-form-control wpcf7-text wpcf7-validates-as-required\" aria-required=\"true\" aria-invalid=\"false\" placeholder=\"L\u1edbp h\u1ecdc\" value=\"\" type=\"text\" name=\"student-class\" \/><\/span>\n\t<\/p>\n<\/div>\n<p><span class=\"wpcf7-form-control-wrap\" data-name=\"is-read\"><span class=\"wpcf7-form-control wpcf7-acceptance optional\"><span class=\"wpcf7-list-item\"><label><input type=\"checkbox\" name=\"is-read\" value=\"1\" aria-invalid=\"false\" \/><span class=\"wpcf7-list-item-label\">T\u00f4i \u0111\u00e3 \u0111\u1ecdc v\u00e0 \u0111\u1ed3ng \u00fd cho TIS x\u1eed l\u00fd d\u1eef li\u1ec7u c\u00e1 nh\u00e2n c\u1ee7a t\u00f4i theo Ch\u00ednh s\u00e1ch b\u1ea3o m\u1eadt d\u1eef li\u1ec7u c\u00e1 nh\u00e2n c\u1ee7a ch\u00fang t\u00f4i.<\/span><\/label><\/span><\/span><\/span><br \/>\n<input class=\"wpcf7-form-control wpcf7-submit has-spinner\" type=\"submit\" value=\"G\u1eedi\" \/><br \/>\n<input class=\"wpcf7-form-control wpcf7-hidden\" value=\"\" type=\"hidden\" name=\"current-url\" \/><br \/>\n<input class=\"wpcf7-form-control wpcf7-hidden\" value=\"\" type=\"hidden\" name=\"current-time\" \/>\n<\/p><p style=\"display: none !important;\" class=\"akismet-fields-container\" data-prefix=\"_wpcf7_ak_\"><label>&#916;<textarea name=\"_wpcf7_ak_hp_textarea\" cols=\"45\" rows=\"8\" maxlength=\"100\"><\/textarea><\/label><input type=\"hidden\" id=\"ak_js_1\" name=\"_wpcf7_ak_js\" value=\"230\"\/><script>document.getElementById( \"ak_js_1\" ).setAttribute( \"value\", ( new Date() ).getTime() );<\/script><\/p><div class=\"wpcf7-response-output\" aria-hidden=\"true\"><\/div>\n<input type=\"hidden\" name=\"trp-form-language\" value=\"en\"\/><\/form>\n<\/div>\n\n\n            <\/div><!-- aux-col-wrapper -->\n    <\/section><!-- widget-container -->\t\t\t\t<\/div>\n\t\t\t\t<\/div>\n\t\t\t\t<\/div>\n\t\t<div class=\"elementor-element elementor-element-20c6a696 e-con-full elementor-hidden-tablet elementor-hidden-mobile e-flex e-con e-child\" data-id=\"20c6a696\" data-element_type=\"container\" data-settings=\"{&quot;background_background&quot;:&quot;gradient&quot;}\">\n\t\t\t\t<div class=\"elementor-element elementor-element-7b9fb316 elementor-widget elementor-widget-heading\" data-id=\"7b9fb316\" data-element_type=\"widget\" data-widget_type=\"heading.default\">\n\t\t\t\t<div class=\"elementor-widget-container\">\n\t\t\t\t\t<h2 class=\"elementor-heading-title elementor-size-default\">Li\u00ean h\u1ec7 \u0111\u1ec3 nh\u1eadn\n<br \/>th\u00f4ng tin t\u01b0 v\u1ea5n<\/h2>\t\t\t\t<\/div>\n\t\t\t\t<\/div>\n\t\t\t\t<\/div>\n\t\t\t\t\t<\/div>\n\t\t\t\t<\/div>\n\t\t\t\t<\/div>","protected":false},"excerpt":{"rendered":"<p>L\u1ecaCH N\u0102M H\u1eccC \u0110\u0103ng k\u00fd school tour T\u00f4i \u0111\u00e3 \u0111\u1ecdc v\u00e0 \u0111\u1ed3ng \u00fd cho TIS x\u1eed l\u00fd d\u1eef li\u1ec7u c\u00e1 nh\u00e2n c\u1ee7a t\u00f4i theo Ch\u00ednh s\u00e1ch b\u1ea3o m\u1eadt d\u1eef li\u1ec7u c\u00e1 nh\u00e2n c\u1ee7a ch\u00fang t\u00f4i. &#916; Li\u00ean h\u1ec7 \u0111\u1ec3 nh\u1eadn th\u00f4ng tin t\u01b0 v\u1ea5n<\/p>","protected":false},"author":1,"featured_media":0,"parent":0,"menu_order":0,"comment_status":"closed","ping_status":"closed","template":"","meta":{"footnotes":""},"class_list":["post-3128","page","type-page","status-publish","hentry"],"yoast_head":"<!-- This site is optimized with the Yoast SEO plugin v25.2 - https:\/\/yoast.com\/wordpress\/plugins\/seo\/ -->\n<title>L\u1ecbch n\u0103m h\u1ecdc - Tr\u01b0\u1eddng Qu\u1ed1c T\u1ebf TIS<\/title>\n<meta name=\"robots\" content=\"index, follow, max-snippet:-1, max-image-preview:large, max-video-preview:-1\" \/>\n<link rel=\"canonical\" href=\"https:\/\/tis.edu.vn\/en\/lich-nam-hoc-tis\/\" \/>\n<meta property=\"og:locale\" content=\"en_US\" \/>\n<meta property=\"og:type\" content=\"article\" \/>\n<meta property=\"og:title\" content=\"L\u1ecbch n\u0103m h\u1ecdc - Tr\u01b0\u1eddng Qu\u1ed1c T\u1ebf TIS\" \/>\n<meta property=\"og:description\" content=\"L\u1ecaCH N\u0102M H\u1eccC \u0110\u0103ng k\u00fd school tour T\u00f4i \u0111\u00e3 \u0111\u1ecdc v\u00e0 \u0111\u1ed3ng \u00fd cho TIS x\u1eed l\u00fd d\u1eef li\u1ec7u c\u00e1 nh\u00e2n c\u1ee7a t\u00f4i theo Ch\u00ednh s\u00e1ch b\u1ea3o m\u1eadt d\u1eef li\u1ec7u c\u00e1 nh\u00e2n c\u1ee7a ch\u00fang t\u00f4i. &#916; Li\u00ean h\u1ec7 \u0111\u1ec3 nh\u1eadn th\u00f4ng tin t\u01b0 v\u1ea5n\" \/>\n<meta property=\"og:url\" content=\"https:\/\/tis.edu.vn\/en\/lich-nam-hoc-tis\/\" \/>\n<meta property=\"og:site_name\" content=\"Tr\u01b0\u1eddng Qu\u1ed1c T\u1ebf TIS\" \/>\n<meta property=\"article:publisher\" content=\"https:\/\/www.facebook.com\/TruongquocteTIS\/?fref=ts\" \/>\n<meta property=\"article:modified_time\" content=\"2025-11-22T02:35:26+00:00\" \/>\n<meta property=\"og:image\" content=\"https:\/\/tis.edu.vn\/wp-content\/uploads\/2024\/10\/z5984822305259_1ae8b4ac3aa5b1892e8bcc30de72964e.jpg\" \/>\n\t<meta property=\"og:image:width\" content=\"650\" \/>\n\t<meta property=\"og:image:height\" content=\"450\" \/>\n\t<meta property=\"og:image:type\" content=\"image\/jpeg\" \/>\n<meta name=\"twitter:card\" content=\"summary_large_image\" \/>\n<meta name=\"twitter:label1\" content=\"Est. reading time\" \/>\n\t<meta name=\"twitter:data1\" content=\"1 minute\" \/>\n<script type=\"application\/ld+json\" class=\"yoast-schema-graph\">{\"@context\":\"https:\/\/schema.org\",\"@graph\":[{\"@type\":\"WebPage\",\"@id\":\"https:\/\/tis.edu.vn\/lich-nam-hoc-tis\/\",\"url\":\"https:\/\/tis.edu.vn\/lich-nam-hoc-tis\/\",\"name\":\"L\u1ecbch n\u0103m h\u1ecdc - Tr\u01b0\u1eddng Qu\u1ed1c T\u1ebf TIS\",\"isPartOf\":{\"@id\":\"https:\/\/tis.edu.vn\/#website\"},\"primaryImageOfPage\":{\"@id\":\"https:\/\/tis.edu.vn\/lich-nam-hoc-tis\/#primaryimage\"},\"image\":{\"@id\":\"https:\/\/tis.edu.vn\/lich-nam-hoc-tis\/#primaryimage\"},\"thumbnailUrl\":\"https:\/\/tis.edu.vn\/wp-content\/uploads\/2025\/11\/SCHOOL-CALENDAR-01-1.png\",\"datePublished\":\"2016-03-22T02:17:28+00:00\",\"dateModified\":\"2025-11-22T02:35:26+00:00\",\"breadcrumb\":{\"@id\":\"https:\/\/tis.edu.vn\/lich-nam-hoc-tis\/#breadcrumb\"},\"inLanguage\":\"en-US\",\"potentialAction\":[{\"@type\":\"ReadAction\",\"target\":[\"https:\/\/tis.edu.vn\/lich-nam-hoc-tis\/\"]}]},{\"@type\":\"ImageObject\",\"inLanguage\":\"en-US\",\"@id\":\"https:\/\/tis.edu.vn\/lich-nam-hoc-tis\/#primaryimage\",\"url\":\"https:\/\/tis.edu.vn\/wp-content\/uploads\/2025\/11\/SCHOOL-CALENDAR-01-1.png\",\"contentUrl\":\"https:\/\/tis.edu.vn\/wp-content\/uploads\/2025\/11\/SCHOOL-CALENDAR-01-1.png\"},{\"@type\":\"BreadcrumbList\",\"@id\":\"https:\/\/tis.edu.vn\/lich-nam-hoc-tis\/#breadcrumb\",\"itemListElement\":[{\"@type\":\"ListItem\",\"position\":1,\"name\":\"Home\",\"item\":\"https:\/\/tis.edu.vn\/\"},{\"@type\":\"ListItem\",\"position\":2,\"name\":\"L\u1ecbch n\u0103m h\u1ecdc\"}]},{\"@type\":\"WebSite\",\"@id\":\"https:\/\/tis.edu.vn\/#website\",\"url\":\"https:\/\/tis.edu.vn\/\",\"name\":\"Tr\u01b0\u1eddng Qu\u1ed1c T\u1ebf TIS - Tr\u01b0\u1eddng Ph\u1ed5 Th\u00f4ng Qu\u1ed1c T\u1ebf Ch\u1ea5t L\u01b0\u1ee3ng\",\"description\":\"Tr\u01b0\u1eddng Ph\u1ed5 Th\u00f4ng Qu\u1ed1c T\u1ebf Ch\u1ea5t L\u01b0\u1ee3ng\",\"publisher\":{\"@id\":\"https:\/\/tis.edu.vn\/#organization\"},\"alternateName\":\"TIS\",\"potentialAction\":[{\"@type\":\"SearchAction\",\"target\":{\"@type\":\"EntryPoint\",\"urlTemplate\":\"https:\/\/tis.edu.vn\/?s={search_term_string}\"},\"query-input\":{\"@type\":\"PropertyValueSpecification\",\"valueRequired\":true,\"valueName\":\"search_term_string\"}}],\"inLanguage\":\"en-US\"},{\"@type\":\"Organization\",\"@id\":\"https:\/\/tis.edu.vn\/#organization\",\"name\":\"Tr\u01b0\u1eddng Qu\u1ed1c T\u1ebf TIS\",\"alternateName\":\"Tr\u01b0\u1eddng Qu\u1ed1c T\u1ebf TIS - Tr\u01b0\u1eddng Ph\u1ed5 Th\u00f4ng Qu\u1ed1c T\u1ebf Ch\u1ea5t L\u01b0\u1ee3ng\",\"url\":\"https:\/\/tis.edu.vn\/\",\"logo\":{\"@type\":\"ImageObject\",\"inLanguage\":\"en-US\",\"@id\":\"https:\/\/tis.edu.vn\/#\/schema\/logo\/image\/\",\"url\":\"https:\/\/tis.edu.vn\/wp-content\/uploads\/2021\/11\/New_Logo-06.png\",\"contentUrl\":\"https:\/\/tis.edu.vn\/wp-content\/uploads\/2021\/11\/New_Logo-06.png\",\"width\":5010,\"height\":3915,\"caption\":\"Tr\u01b0\u1eddng Qu\u1ed1c T\u1ebf TIS\"},\"image\":{\"@id\":\"https:\/\/tis.edu.vn\/#\/schema\/logo\/image\/\"},\"sameAs\":[\"https:\/\/www.facebook.com\/TruongquocteTIS\/?fref=ts\",\"https:\/\/www.youtube.com\/channel\/UCyWzx0U8yCzYkaq6Ms4GRqg\"]}]}<\/script>\n<!-- \/ Yoast SEO plugin. -->","yoast_head_json":{"title":"L\u1ecbch n\u0103m h\u1ecdc - Tr\u01b0\u1eddng Qu\u1ed1c T\u1ebf TIS","robots":{"index":"index","follow":"follow","max-snippet":"max-snippet:-1","max-image-preview":"max-image-preview:large","max-video-preview":"max-video-preview:-1"},"canonical":"https:\/\/tis.edu.vn\/en\/lich-nam-hoc-tis\/","og_locale":"en_US","og_type":"article","og_title":"L\u1ecbch n\u0103m h\u1ecdc - Tr\u01b0\u1eddng Qu\u1ed1c T\u1ebf TIS","og_description":"L\u1ecaCH N\u0102M H\u1eccC \u0110\u0103ng k\u00fd school tour T\u00f4i \u0111\u00e3 \u0111\u1ecdc v\u00e0 \u0111\u1ed3ng \u00fd cho TIS x\u1eed l\u00fd d\u1eef li\u1ec7u c\u00e1 nh\u00e2n c\u1ee7a t\u00f4i theo Ch\u00ednh s\u00e1ch b\u1ea3o m\u1eadt d\u1eef li\u1ec7u c\u00e1 nh\u00e2n c\u1ee7a ch\u00fang t\u00f4i. &#916; Li\u00ean h\u1ec7 \u0111\u1ec3 nh\u1eadn th\u00f4ng tin t\u01b0 v\u1ea5n","og_url":"https:\/\/tis.edu.vn\/en\/lich-nam-hoc-tis\/","og_site_name":"Tr\u01b0\u1eddng Qu\u1ed1c T\u1ebf TIS","article_publisher":"https:\/\/www.facebook.com\/TruongquocteTIS\/?fref=ts","article_modified_time":"2025-11-22T02:35:26+00:00","og_image":[{"width":650,"height":450,"url":"https:\/\/tis.edu.vn\/wp-content\/uploads\/2024\/10\/z5984822305259_1ae8b4ac3aa5b1892e8bcc30de72964e.jpg","type":"image\/jpeg"}],"twitter_card":"summary_large_image","twitter_misc":{"Est. reading time":"1 minute"},"schema":{"@context":"https:\/\/schema.org","@graph":[{"@type":"WebPage","@id":"https:\/\/tis.edu.vn\/lich-nam-hoc-tis\/","url":"https:\/\/tis.edu.vn\/lich-nam-hoc-tis\/","name":"L\u1ecbch n\u0103m h\u1ecdc - Tr\u01b0\u1eddng Qu\u1ed1c T\u1ebf TIS","isPartOf":{"@id":"https:\/\/tis.edu.vn\/#website"},"primaryImageOfPage":{"@id":"https:\/\/tis.edu.vn\/lich-nam-hoc-tis\/#primaryimage"},"image":{"@id":"https:\/\/tis.edu.vn\/lich-nam-hoc-tis\/#primaryimage"},"thumbnailUrl":"https:\/\/tis.edu.vn\/wp-content\/uploads\/2025\/11\/SCHOOL-CALENDAR-01-1.png","datePublished":"2016-03-22T02:17:28+00:00","dateModified":"2025-11-22T02:35:26+00:00","breadcrumb":{"@id":"https:\/\/tis.edu.vn\/lich-nam-hoc-tis\/#breadcrumb"},"inLanguage":"en-US","potentialAction":[{"@type":"ReadAction","target":["https:\/\/tis.edu.vn\/lich-nam-hoc-tis\/"]}]},{"@type":"ImageObject","inLanguage":"en-US","@id":"https:\/\/tis.edu.vn\/lich-nam-hoc-tis\/#primaryimage","url":"https:\/\/tis.edu.vn\/wp-content\/uploads\/2025\/11\/SCHOOL-CALENDAR-01-1.png","contentUrl":"https:\/\/tis.edu.vn\/wp-content\/uploads\/2025\/11\/SCHOOL-CALENDAR-01-1.png"},{"@type":"BreadcrumbList","@id":"https:\/\/tis.edu.vn\/lich-nam-hoc-tis\/#breadcrumb","itemListElement":[{"@type":"ListItem","position":1,"name":"Home","item":"https:\/\/tis.edu.vn\/"},{"@type":"ListItem","position":2,"name":"L\u1ecbch n\u0103m h\u1ecdc"}]},{"@type":"WebSite","@id":"https:\/\/tis.edu.vn\/#website","url":"https:\/\/tis.edu.vn\/","name":"Tr\u01b0\u1eddng Qu\u1ed1c T\u1ebf TIS - Tr\u01b0\u1eddng Ph\u1ed5 Th\u00f4ng Qu\u1ed1c T\u1ebf Ch\u1ea5t L\u01b0\u1ee3ng","description":"Tr\u01b0\u1eddng Ph\u1ed5 Th\u00f4ng Qu\u1ed1c T\u1ebf Ch\u1ea5t L\u01b0\u1ee3ng","publisher":{"@id":"https:\/\/tis.edu.vn\/#organization"},"alternateName":"TIS","potentialAction":[{"@type":"SearchAction","target":{"@type":"EntryPoint","urlTemplate":"https:\/\/tis.edu.vn\/?s={search_term_string}"},"query-input":{"@type":"PropertyValueSpecification","valueRequired":true,"valueName":"search_term_string"}}],"inLanguage":"en-US"},{"@type":"Organization","@id":"https:\/\/tis.edu.vn\/#organization","name":"Tr\u01b0\u1eddng Qu\u1ed1c T\u1ebf TIS","alternateName":"Tr\u01b0\u1eddng Qu\u1ed1c T\u1ebf TIS - Tr\u01b0\u1eddng Ph\u1ed5 Th\u00f4ng Qu\u1ed1c T\u1ebf Ch\u1ea5t L\u01b0\u1ee3ng","url":"https:\/\/tis.edu.vn\/","logo":{"@type":"ImageObject","inLanguage":"en-US","@id":"https:\/\/tis.edu.vn\/#\/schema\/logo\/image\/","url":"https:\/\/tis.edu.vn\/wp-content\/uploads\/2021\/11\/New_Logo-06.png","contentUrl":"https:\/\/tis.edu.vn\/wp-content\/uploads\/2021\/11\/New_Logo-06.png","width":5010,"height":3915,"caption":"Tr\u01b0\u1eddng Qu\u1ed1c T\u1ebf TIS"},"image":{"@id":"https:\/\/tis.edu.vn\/#\/schema\/logo\/image\/"},"sameAs":["https:\/\/www.facebook.com\/TruongquocteTIS\/?fref=ts","https:\/\/www.youtube.com\/channel\/UCyWzx0U8yCzYkaq6Ms4GRqg"]}]}},"_links":{"self":[{"href":"https:\/\/tis.edu.vn\/en\/wp-json\/wp\/v2\/pages\/3128","targetHints":{"allow":["GET"]}}],"collection":[{"href":"https:\/\/tis.edu.vn\/en\/wp-json\/wp\/v2\/pages"}],"about":[{"href":"https:\/\/tis.edu.vn\/en\/wp-json\/wp\/v2\/types\/page"}],"author":[{"embeddable":true,"href":"https:\/\/tis.edu.vn\/en\/wp-json\/wp\/v2\/users\/1"}],"replies":[{"embeddable":true,"href":"https:\/\/tis.edu.vn\/en\/wp-json\/wp\/v2\/comments?post=3128"}],"version-history":[{"count":18,"href":"https:\/\/tis.edu.vn\/en\/wp-json\/wp\/v2\/pages\/3128\/revisions"}],"predecessor-version":[{"id":63628,"href":"https:\/\/tis.edu.vn\/en\/wp-json\/wp\/v2\/pages\/3128\/revisions\/63628"}],"wp:attachment":[{"href":"https:\/\/tis.edu.vn\/en\/wp-json\/wp\/v2\/media?parent=3128"}],"curies":[{"name":"wp","href":"https:\/\/api.w.org\/{rel}","templated":true}]}}