{"id":3026,"date":"2016-03-19T13:25:54","date_gmt":"2016-03-19T13:25:54","guid":{"rendered":"http:\/\/demoweb.ndthinh.com\/?page_id=3026"},"modified":"2025-08-07T10:28:44","modified_gmt":"2025-08-07T03:28:44","slug":"su-menh-tam-nhin","status":"publish","type":"page","link":"https:\/\/tis.edu.vn\/en\/su-menh-tam-nhin\/","title":{"rendered":"MISSION VISION"},"content":{"rendered":"<div data-elementor-type=\"wp-page\" data-elementor-id=\"3026\" class=\"elementor elementor-3026\" data-elementor-post-type=\"page\">\n\t\t\t\t\t\t<section class=\"elementor-section elementor-top-section elementor-element elementor-element-8f4c173 elementor-section-full_width elementor-section-height-min-height elementor-section-height-default elementor-section-items-middle\" data-id=\"8f4c173\" data-element_type=\"section\" data-settings=\"{&quot;background_background&quot;:&quot;classic&quot;}\">\n\t\t\t\t\t\t\t<div class=\"elementor-background-overlay\"><\/div>\n\t\t\t\t\t\t\t<div class=\"elementor-container elementor-column-gap-no\">\n\t\t\t\t\t<div class=\"aux-parallax-section elementor-column elementor-col-100 elementor-top-column elementor-element elementor-element-0e0edeb\" data-id=\"0e0edeb\" data-element_type=\"column\">\n\t\t\t<div class=\"elementor-widget-wrap\">\n\t\t\t\t\t\t\t<\/div>\n\t\t<\/div>\n\t\t\t\t\t<\/div>\n\t\t<\/section>\n\t\t<div class=\"aux-parallax-section elementor-element elementor-element-0d4a975 e-flex e-con-boxed e-con e-parent\" data-id=\"0d4a975\" data-element_type=\"container\">\n\t\t\t\t\t<div class=\"e-con-inner\">\n\t\t<div class=\"elementor-element elementor-element-6b532a8 e-con-full e-flex e-con e-child\" data-id=\"6b532a8\" data-element_type=\"container\">\n\t\t<div class=\"elementor-element elementor-element-8396a4e e-con-full e-flex e-con e-child\" data-id=\"8396a4e\" data-element_type=\"container\">\n\t\t\t\t<div class=\"elementor-element elementor-element-a843866 elementor-view-default elementor-position-top elementor-mobile-position-top elementor-widget elementor-widget-icon-box\" data-id=\"a843866\" data-element_type=\"widget\" data-widget_type=\"icon-box.default\">\n\t\t\t\t<div class=\"elementor-widget-container\">\n\t\t\t\t\t\t\t<div class=\"elementor-icon-box-wrapper\">\n\n\t\t\t\t\t\t<div class=\"elementor-icon-box-icon\">\n\t\t\t\t<span  class=\"elementor-icon\">\n\t\t\t\t<i aria-hidden=\"true\" class=\"auxicon auxicon-sunglasses-1\"><\/i>\t\t\t\t<\/span>\n\t\t\t<\/div>\n\t\t\t\n\t\t\t\t\t\t<div class=\"elementor-icon-box-content\">\n\n\t\t\t\t\t\t\t\t\t<h3 class=\"elementor-icon-box-title\">\n\t\t\t\t\t\t<span  >\n\t\t\t\t\t\t\tVISION\t\t\t\t\t\t<\/span>\n\t\t\t\t\t<\/h3>\n\t\t\t\t\n\t\t\t\t\t\t\t\t\t<p class=\"elementor-icon-box-description\">\n\t\t\t\t\t\tTr\u01b0\u1eddng Qu\u1ed1c T\u1ebf TIS h\u01b0\u1edbng \u0111\u1ebfn vi\u1ec7c tr\u1edf th\u00e0nh m\u00f4i tr\u01b0\u1eddng gi\u00e1o d\u1ee5c qu\u1ed1c t\u1ebf h\u00e0ng \u0111\u1ea7u, n\u01a1i h\u1ecdc sinh \u0111\u01b0\u1ee3c ph\u00e1t tri\u1ec3n to\u00e0n di\u1ec7n v\u1ec1 \u0110\u1ee9c \u2013 Tr\u00ed \u2013 Th\u1ec3 \u2013 M\u1ef9, k\u1ebft h\u1ee3p gi\u1eefa tr\u00ecnh \u0111\u1ed9 qu\u1ed1c t\u1ebf v\u00e0 nh\u1eefng gi\u00e1 tr\u1ecb truy\u1ec1n th\u1ed1ng t\u1ed1t \u0111\u1eb9p c\u1ee7a d\u00e2n t\u1ed9c Vi\u1ec7t Nam. TIS ki\u1ebfn t\u1ea1o m\u1ed9t th\u1ebf h\u1ec7 c\u00f4ng d\u00e2n to\u00e0n c\u1ea7u v\u1edbi kh\u1ea3 n\u0103ng h\u1ecdc t\u1eadp s\u00e2u s\u1eafc v\u00e0 \u0111a chi\u1ec1u, s\u1eb5n s\u00e0ng h\u1ed9i nh\u1eadp v\u00e0 \u0111\u00f3ng g\u00f3p cho x\u00e3 h\u1ed9i hi\u1ec7n \u0111\u1ea1i.\t\t\t\t\t<\/p>\n\t\t\t\t\n\t\t\t<\/div>\n\t\t\t\n\t\t<\/div>\n\t\t\t\t\t\t<\/div>\n\t\t\t\t<\/div>\n\t\t\t\t<\/div>\n\t\t<div class=\"elementor-element elementor-element-4299147 e-con-full e-flex e-con e-child\" data-id=\"4299147\" data-element_type=\"container\">\n\t\t\t\t<div class=\"elementor-element elementor-element-9915e54 elementor-view-default elementor-position-top elementor-mobile-position-top elementor-widget elementor-widget-icon-box\" data-id=\"9915e54\" data-element_type=\"widget\" data-widget_type=\"icon-box.default\">\n\t\t\t\t<div class=\"elementor-widget-container\">\n\t\t\t\t\t\t\t<div class=\"elementor-icon-box-wrapper\">\n\n\t\t\t\t\t\t<div class=\"elementor-icon-box-icon\">\n\t\t\t\t<span  class=\"elementor-icon\">\n\t\t\t\t<i aria-hidden=\"true\" class=\"auxicon auxicon-flag-3\"><\/i>\t\t\t\t<\/span>\n\t\t\t<\/div>\n\t\t\t\n\t\t\t\t\t\t<div class=\"elementor-icon-box-content\">\n\n\t\t\t\t\t\t\t\t\t<h3 class=\"elementor-icon-box-title\">\n\t\t\t\t\t\t<span  >\n\t\t\t\t\t\t\tMISSION\t\t\t\t\t\t<\/span>\n\t\t\t\t\t<\/h3>\n\t\t\t\t\n\t\t\t\t\t\t\t\t\t<p class=\"elementor-icon-box-description\">\n\t\t\t\t\t\tTr\u01b0\u1eddng Qu\u1ed1c T\u1ebf TIS cam k\u1ebft mang \u0111\u1ebfn cho ph\u1ee5 huynh v\u00e0 h\u1ecdc sinh gi\u1ea3i ph\u00e1p gi\u00e1o d\u1ee5c c\u00e1 th\u1ec3 h\u00f3a t\u1ed1i \u01b0u, \u0111\u01b0\u1ee3c thi\u1ebft k\u1ebf ph\u00f9 h\u1ee3p v\u1edbi n\u0103ng l\u1ef1c, s\u1edf th\u00edch v\u00e0 \u0111i\u1ec1u ki\u1ec7n ri\u00eang c\u1ee7a t\u1eebng h\u1ecdc sinh. T\u1ea1i TIS, m\u1ed7i h\u1ecdc sinh \u0111\u01b0\u1ee3c kh\u01a1i d\u1eady ti\u1ec1m n\u0103ng t\u1ed1i \u0111a, t\u1ea1o \u0111i\u1ec1u ki\u1ec7n \u0111\u1ec3 t\u1ef1 tin chinh ph\u1ee5c c\u01a1 h\u1ed9i h\u1ecdc t\u1eadp t\u1ea1i c\u00e1c qu\u1ed1c gia ti\u00ean ti\u1ebfn nh\u01b0 Hoa K\u1ef3, Canada, \u00dac,...\n\t\t\t\t\t<\/p>\n\t\t\t\t\n\t\t\t<\/div>\n\t\t\t\n\t\t<\/div>\n\t\t\t\t\t\t<\/div>\n\t\t\t\t<\/div>\n\t\t\t\t<\/div>\n\t\t\t\t<\/div>\n\t\t<div class=\"elementor-element elementor-element-274228b e-con-full e-flex e-con e-child\" data-id=\"274228b\" data-element_type=\"container\">\n\t\t\t\t<div class=\"elementor-element elementor-element-6ddc3ff elementor-widget elementor-widget-aux_image\" data-id=\"6ddc3ff\" data-element_type=\"widget\" data-widget_type=\"aux_image.default\">\n\t\t\t\t<div class=\"elementor-widget-container\">\n\t\t\t\t\t<section class=\"widget-container aux-widget-image aux-alignnone aux-parent-au4ccc7fef\">\n    <div class=\"aux-media-hint-frame\">\n        <div class=\"aux-media-image\" >\n        \n            \n\n            \n            <img fetchpriority=\"high\" decoding=\"async\" width=\"1000\" height=\"1000\" src=\"https:\/\/tis.edu.vn\/wp-content\/uploads\/2024\/12\/Chan-dung-cdtc.jpg\" class=\"aux-attachment aux-featured-image aux-attachment-id-56892\" alt=\"Chan dung cdtc\" data-ratio=\"1\" data-original-w=\"1000\" \/>            \n                <\/div>\n    <\/div>\n\n<\/section><!-- widget-container -->\t\t\t\t<\/div>\n\t\t\t\t<\/div>\n\t\t\t\t<\/div>\n\t\t\t\t\t<\/div>\n\t\t\t\t<\/div>\n\t\t\t\t<\/div>","protected":false},"excerpt":{"rendered":"<p>T\u1ea6M NH\u00ccN Tr\u01b0\u1eddng Qu\u1ed1c T\u1ebf TIS h\u01b0\u1edbng \u0111\u1ebfn vi\u1ec7c tr\u1edf th\u00e0nh m\u00f4i tr\u01b0\u1eddng gi\u00e1o d\u1ee5c qu\u1ed1c t\u1ebf h\u00e0ng \u0111\u1ea7u, n\u01a1i h\u1ecdc sinh \u0111\u01b0\u1ee3c ph\u00e1t tri\u1ec3n to\u00e0n di\u1ec7n v\u1ec1 \u0110\u1ee9c \u2013 Tr\u00ed \u2013 Th\u1ec3 \u2013 M\u1ef9, k\u1ebft h\u1ee3p gi\u1eefa tr\u00ecnh \u0111\u1ed9 qu\u1ed1c t\u1ebf v\u00e0 nh\u1eefng gi\u00e1 tr\u1ecb truy\u1ec1n th\u1ed1ng t\u1ed1t \u0111\u1eb9p c\u1ee7a d\u00e2n t\u1ed9c Vi\u1ec7t Nam. [&hellip;]<\/p>","protected":false},"author":1,"featured_media":0,"parent":0,"menu_order":0,"comment_status":"closed","ping_status":"closed","template":"","meta":{"footnotes":""},"class_list":["post-3026","page","type-page","status-publish","hentry"],"yoast_head":"<!-- This site is optimized with the Yoast SEO plugin v25.2 - https:\/\/yoast.com\/wordpress\/plugins\/seo\/ -->\n<title>MISSION VISION - Tr\u01b0\u1eddng Qu\u1ed1c T\u1ebf TIS<\/title>\n<meta name=\"robots\" content=\"index, follow, max-snippet:-1, max-image-preview:large, max-video-preview:-1\" \/>\n<link rel=\"canonical\" href=\"https:\/\/tis.edu.vn\/en\/su-menh-tam-nhin\/\" \/>\n<meta property=\"og:locale\" content=\"en_US\" \/>\n<meta property=\"og:type\" content=\"article\" \/>\n<meta property=\"og:title\" content=\"MISSION VISION - Tr\u01b0\u1eddng Qu\u1ed1c T\u1ebf TIS\" \/>\n<meta property=\"og:description\" content=\"T\u1ea6M NH\u00ccN Tr\u01b0\u1eddng Qu\u1ed1c T\u1ebf TIS h\u01b0\u1edbng \u0111\u1ebfn vi\u1ec7c tr\u1edf th\u00e0nh m\u00f4i tr\u01b0\u1eddng gi\u00e1o d\u1ee5c qu\u1ed1c t\u1ebf h\u00e0ng \u0111\u1ea7u, n\u01a1i h\u1ecdc sinh \u0111\u01b0\u1ee3c ph\u00e1t tri\u1ec3n to\u00e0n di\u1ec7n v\u1ec1 \u0110\u1ee9c \u2013 Tr\u00ed \u2013 Th\u1ec3 \u2013 M\u1ef9, k\u1ebft h\u1ee3p gi\u1eefa tr\u00ecnh \u0111\u1ed9 qu\u1ed1c t\u1ebf v\u00e0 nh\u1eefng gi\u00e1 tr\u1ecb truy\u1ec1n th\u1ed1ng t\u1ed1t \u0111\u1eb9p c\u1ee7a d\u00e2n t\u1ed9c Vi\u1ec7t Nam. [&hellip;]\" \/>\n<meta property=\"og:url\" content=\"https:\/\/tis.edu.vn\/en\/su-menh-tam-nhin\/\" \/>\n<meta property=\"og:site_name\" content=\"Tr\u01b0\u1eddng Qu\u1ed1c T\u1ebf TIS\" \/>\n<meta property=\"article:publisher\" content=\"https:\/\/www.facebook.com\/TruongquocteTIS\/?fref=ts\" \/>\n<meta property=\"article:modified_time\" content=\"2025-08-07T03:28:44+00:00\" \/>\n<meta property=\"og:image\" content=\"https:\/\/tis.edu.vn\/wp-content\/uploads\/2024\/12\/Chan-dung-cdtc.jpg\" \/>\n<meta name=\"twitter:card\" content=\"summary_large_image\" \/>\n<meta name=\"twitter:label1\" content=\"Est. reading time\" \/>\n\t<meta name=\"twitter:data1\" content=\"1 minute\" \/>\n<script type=\"application\/ld+json\" class=\"yoast-schema-graph\">{\"@context\":\"https:\/\/schema.org\",\"@graph\":[{\"@type\":\"WebPage\",\"@id\":\"https:\/\/tis.edu.vn\/su-menh-tam-nhin\/\",\"url\":\"https:\/\/tis.edu.vn\/su-menh-tam-nhin\/\",\"name\":\"MISSION VISION - Tr\u01b0\u1eddng Qu\u1ed1c T\u1ebf TIS\",\"isPartOf\":{\"@id\":\"https:\/\/tis.edu.vn\/#website\"},\"primaryImageOfPage\":{\"@id\":\"https:\/\/tis.edu.vn\/su-menh-tam-nhin\/#primaryimage\"},\"image\":{\"@id\":\"https:\/\/tis.edu.vn\/su-menh-tam-nhin\/#primaryimage\"},\"thumbnailUrl\":\"https:\/\/tis.edu.vn\/wp-content\/uploads\/2024\/12\/Chan-dung-cdtc.jpg\",\"datePublished\":\"2016-03-19T13:25:54+00:00\",\"dateModified\":\"2025-08-07T03:28:44+00:00\",\"breadcrumb\":{\"@id\":\"https:\/\/tis.edu.vn\/su-menh-tam-nhin\/#breadcrumb\"},\"inLanguage\":\"en-US\",\"potentialAction\":[{\"@type\":\"ReadAction\",\"target\":[\"https:\/\/tis.edu.vn\/su-menh-tam-nhin\/\"]}]},{\"@type\":\"ImageObject\",\"inLanguage\":\"en-US\",\"@id\":\"https:\/\/tis.edu.vn\/su-menh-tam-nhin\/#primaryimage\",\"url\":\"https:\/\/tis.edu.vn\/wp-content\/uploads\/2024\/12\/Chan-dung-cdtc.jpg\",\"contentUrl\":\"https:\/\/tis.edu.vn\/wp-content\/uploads\/2024\/12\/Chan-dung-cdtc.jpg\"},{\"@type\":\"BreadcrumbList\",\"@id\":\"https:\/\/tis.edu.vn\/su-menh-tam-nhin\/#breadcrumb\",\"itemListElement\":[{\"@type\":\"ListItem\",\"position\":1,\"name\":\"Home\",\"item\":\"https:\/\/tis.edu.vn\/\"},{\"@type\":\"ListItem\",\"position\":2,\"name\":\"[:vi]S\u1ee9 m\u1ec7nh &#8211; T\u1ea7m nh\u00ecn[:en]MISSION VISION[:]\"}]},{\"@type\":\"WebSite\",\"@id\":\"https:\/\/tis.edu.vn\/#website\",\"url\":\"https:\/\/tis.edu.vn\/\",\"name\":\"Tr\u01b0\u1eddng Qu\u1ed1c T\u1ebf TIS - Tr\u01b0\u1eddng Ph\u1ed5 Th\u00f4ng Qu\u1ed1c T\u1ebf Ch\u1ea5t L\u01b0\u1ee3ng\",\"description\":\"Tr\u01b0\u1eddng Ph\u1ed5 Th\u00f4ng Qu\u1ed1c T\u1ebf Ch\u1ea5t L\u01b0\u1ee3ng\",\"publisher\":{\"@id\":\"https:\/\/tis.edu.vn\/#organization\"},\"alternateName\":\"TIS\",\"potentialAction\":[{\"@type\":\"SearchAction\",\"target\":{\"@type\":\"EntryPoint\",\"urlTemplate\":\"https:\/\/tis.edu.vn\/?s={search_term_string}\"},\"query-input\":{\"@type\":\"PropertyValueSpecification\",\"valueRequired\":true,\"valueName\":\"search_term_string\"}}],\"inLanguage\":\"en-US\"},{\"@type\":\"Organization\",\"@id\":\"https:\/\/tis.edu.vn\/#organization\",\"name\":\"Tr\u01b0\u1eddng Qu\u1ed1c T\u1ebf TIS\",\"alternateName\":\"Tr\u01b0\u1eddng Qu\u1ed1c T\u1ebf TIS - Tr\u01b0\u1eddng Ph\u1ed5 Th\u00f4ng Qu\u1ed1c T\u1ebf Ch\u1ea5t L\u01b0\u1ee3ng\",\"url\":\"https:\/\/tis.edu.vn\/\",\"logo\":{\"@type\":\"ImageObject\",\"inLanguage\":\"en-US\",\"@id\":\"https:\/\/tis.edu.vn\/#\/schema\/logo\/image\/\",\"url\":\"https:\/\/tis.edu.vn\/wp-content\/uploads\/2021\/11\/New_Logo-06.png\",\"contentUrl\":\"https:\/\/tis.edu.vn\/wp-content\/uploads\/2021\/11\/New_Logo-06.png\",\"width\":5010,\"height\":3915,\"caption\":\"Tr\u01b0\u1eddng Qu\u1ed1c T\u1ebf TIS\"},\"image\":{\"@id\":\"https:\/\/tis.edu.vn\/#\/schema\/logo\/image\/\"},\"sameAs\":[\"https:\/\/www.facebook.com\/TruongquocteTIS\/?fref=ts\",\"https:\/\/www.youtube.com\/channel\/UCyWzx0U8yCzYkaq6Ms4GRqg\"]}]}<\/script>\n<!-- \/ Yoast SEO plugin. -->","yoast_head_json":{"title":"MISSION VISION - Tr\u01b0\u1eddng Qu\u1ed1c T\u1ebf TIS","robots":{"index":"index","follow":"follow","max-snippet":"max-snippet:-1","max-image-preview":"max-image-preview:large","max-video-preview":"max-video-preview:-1"},"canonical":"https:\/\/tis.edu.vn\/en\/su-menh-tam-nhin\/","og_locale":"en_US","og_type":"article","og_title":"MISSION VISION - Tr\u01b0\u1eddng Qu\u1ed1c T\u1ebf TIS","og_description":"T\u1ea6M NH\u00ccN Tr\u01b0\u1eddng Qu\u1ed1c T\u1ebf TIS h\u01b0\u1edbng \u0111\u1ebfn vi\u1ec7c tr\u1edf th\u00e0nh m\u00f4i tr\u01b0\u1eddng gi\u00e1o d\u1ee5c qu\u1ed1c t\u1ebf h\u00e0ng \u0111\u1ea7u, n\u01a1i h\u1ecdc sinh \u0111\u01b0\u1ee3c ph\u00e1t tri\u1ec3n to\u00e0n di\u1ec7n v\u1ec1 \u0110\u1ee9c \u2013 Tr\u00ed \u2013 Th\u1ec3 \u2013 M\u1ef9, k\u1ebft h\u1ee3p gi\u1eefa tr\u00ecnh \u0111\u1ed9 qu\u1ed1c t\u1ebf v\u00e0 nh\u1eefng gi\u00e1 tr\u1ecb truy\u1ec1n th\u1ed1ng t\u1ed1t \u0111\u1eb9p c\u1ee7a d\u00e2n t\u1ed9c Vi\u1ec7t Nam. [&hellip;]","og_url":"https:\/\/tis.edu.vn\/en\/su-menh-tam-nhin\/","og_site_name":"Tr\u01b0\u1eddng Qu\u1ed1c T\u1ebf TIS","article_publisher":"https:\/\/www.facebook.com\/TruongquocteTIS\/?fref=ts","article_modified_time":"2025-08-07T03:28:44+00:00","og_image":[{"url":"https:\/\/tis.edu.vn\/wp-content\/uploads\/2024\/12\/Chan-dung-cdtc.jpg","type":"","width":"","height":""}],"twitter_card":"summary_large_image","twitter_misc":{"Est. reading time":"1 minute"},"schema":{"@context":"https:\/\/schema.org","@graph":[{"@type":"WebPage","@id":"https:\/\/tis.edu.vn\/su-menh-tam-nhin\/","url":"https:\/\/tis.edu.vn\/su-menh-tam-nhin\/","name":"MISSION VISION - Tr\u01b0\u1eddng Qu\u1ed1c T\u1ebf TIS","isPartOf":{"@id":"https:\/\/tis.edu.vn\/#website"},"primaryImageOfPage":{"@id":"https:\/\/tis.edu.vn\/su-menh-tam-nhin\/#primaryimage"},"image":{"@id":"https:\/\/tis.edu.vn\/su-menh-tam-nhin\/#primaryimage"},"thumbnailUrl":"https:\/\/tis.edu.vn\/wp-content\/uploads\/2024\/12\/Chan-dung-cdtc.jpg","datePublished":"2016-03-19T13:25:54+00:00","dateModified":"2025-08-07T03:28:44+00:00","breadcrumb":{"@id":"https:\/\/tis.edu.vn\/su-menh-tam-nhin\/#breadcrumb"},"inLanguage":"en-US","potentialAction":[{"@type":"ReadAction","target":["https:\/\/tis.edu.vn\/su-menh-tam-nhin\/"]}]},{"@type":"ImageObject","inLanguage":"en-US","@id":"https:\/\/tis.edu.vn\/su-menh-tam-nhin\/#primaryimage","url":"https:\/\/tis.edu.vn\/wp-content\/uploads\/2024\/12\/Chan-dung-cdtc.jpg","contentUrl":"https:\/\/tis.edu.vn\/wp-content\/uploads\/2024\/12\/Chan-dung-cdtc.jpg"},{"@type":"BreadcrumbList","@id":"https:\/\/tis.edu.vn\/su-menh-tam-nhin\/#breadcrumb","itemListElement":[{"@type":"ListItem","position":1,"name":"Home","item":"https:\/\/tis.edu.vn\/"},{"@type":"ListItem","position":2,"name":"[:vi]S\u1ee9 m\u1ec7nh &#8211; T\u1ea7m nh\u00ecn[:en]MISSION VISION[:]"}]},{"@type":"WebSite","@id":"https:\/\/tis.edu.vn\/#website","url":"https:\/\/tis.edu.vn\/","name":"Tr\u01b0\u1eddng Qu\u1ed1c T\u1ebf TIS - Tr\u01b0\u1eddng Ph\u1ed5 Th\u00f4ng Qu\u1ed1c T\u1ebf Ch\u1ea5t L\u01b0\u1ee3ng","description":"Tr\u01b0\u1eddng Ph\u1ed5 Th\u00f4ng Qu\u1ed1c T\u1ebf Ch\u1ea5t L\u01b0\u1ee3ng","publisher":{"@id":"https:\/\/tis.edu.vn\/#organization"},"alternateName":"TIS","potentialAction":[{"@type":"SearchAction","target":{"@type":"EntryPoint","urlTemplate":"https:\/\/tis.edu.vn\/?s={search_term_string}"},"query-input":{"@type":"PropertyValueSpecification","valueRequired":true,"valueName":"search_term_string"}}],"inLanguage":"en-US"},{"@type":"Organization","@id":"https:\/\/tis.edu.vn\/#organization","name":"Tr\u01b0\u1eddng Qu\u1ed1c T\u1ebf TIS","alternateName":"Tr\u01b0\u1eddng Qu\u1ed1c T\u1ebf TIS - Tr\u01b0\u1eddng Ph\u1ed5 Th\u00f4ng Qu\u1ed1c T\u1ebf Ch\u1ea5t L\u01b0\u1ee3ng","url":"https:\/\/tis.edu.vn\/","logo":{"@type":"ImageObject","inLanguage":"en-US","@id":"https:\/\/tis.edu.vn\/#\/schema\/logo\/image\/","url":"https:\/\/tis.edu.vn\/wp-content\/uploads\/2021\/11\/New_Logo-06.png","contentUrl":"https:\/\/tis.edu.vn\/wp-content\/uploads\/2021\/11\/New_Logo-06.png","width":5010,"height":3915,"caption":"Tr\u01b0\u1eddng Qu\u1ed1c T\u1ebf TIS"},"image":{"@id":"https:\/\/tis.edu.vn\/#\/schema\/logo\/image\/"},"sameAs":["https:\/\/www.facebook.com\/TruongquocteTIS\/?fref=ts","https:\/\/www.youtube.com\/channel\/UCyWzx0U8yCzYkaq6Ms4GRqg"]}]}},"_links":{"self":[{"href":"https:\/\/tis.edu.vn\/en\/wp-json\/wp\/v2\/pages\/3026","targetHints":{"allow":["GET"]}}],"collection":[{"href":"https:\/\/tis.edu.vn\/en\/wp-json\/wp\/v2\/pages"}],"about":[{"href":"https:\/\/tis.edu.vn\/en\/wp-json\/wp\/v2\/types\/page"}],"author":[{"embeddable":true,"href":"https:\/\/tis.edu.vn\/en\/wp-json\/wp\/v2\/users\/1"}],"replies":[{"embeddable":true,"href":"https:\/\/tis.edu.vn\/en\/wp-json\/wp\/v2\/comments?post=3026"}],"version-history":[{"count":3,"href":"https:\/\/tis.edu.vn\/en\/wp-json\/wp\/v2\/pages\/3026\/revisions"}],"predecessor-version":[{"id":61920,"href":"https:\/\/tis.edu.vn\/en\/wp-json\/wp\/v2\/pages\/3026\/revisions\/61920"}],"wp:attachment":[{"href":"https:\/\/tis.edu.vn\/en\/wp-json\/wp\/v2\/media?parent=3026"}],"curies":[{"name":"wp","href":"https:\/\/api.w.org\/{rel}","templated":true}]}}