{"id":3007,"date":"2016-03-19T13:09:51","date_gmt":"2016-03-19T13:09:51","guid":{"rendered":"http:\/\/demoweb.ndthinh.com\/?page_id=3007"},"modified":"2025-01-07T16:04:56","modified_gmt":"2025-01-07T09:04:56","slug":"gioi-thieu-the-international-school-truong-quoc-te-tis","status":"publish","type":"page","link":"https:\/\/tis.edu.vn\/en\/gioi-thieu-the-international-school-truong-quoc-te-tis\/","title":{"rendered":"L\u1eddi ch\u00e0o TIS"},"content":{"rendered":"<div data-elementor-type=\"wp-page\" data-elementor-id=\"3007\" class=\"elementor elementor-3007\" data-elementor-post-type=\"page\">\n\t\t\t\t\t\t<section class=\"elementor-section elementor-top-section elementor-element elementor-element-1728dda elementor-section-full_width elementor-section-height-min-height elementor-section-height-default elementor-section-items-middle\" data-id=\"1728dda\" data-element_type=\"section\" data-settings=\"{&quot;background_background&quot;:&quot;classic&quot;}\">\n\t\t\t\t\t\t\t<div class=\"elementor-background-overlay\"><\/div>\n\t\t\t\t\t\t\t<div class=\"elementor-container elementor-column-gap-no\">\n\t\t\t\t\t<div class=\"aux-parallax-section elementor-column elementor-col-100 elementor-top-column elementor-element elementor-element-642784d\" data-id=\"642784d\" data-element_type=\"column\">\n\t\t\t<div class=\"elementor-widget-wrap\">\n\t\t\t\t\t\t\t<\/div>\n\t\t<\/div>\n\t\t\t\t\t<\/div>\n\t\t<\/section>\n\t\t\t\t<section class=\"elementor-section elementor-top-section elementor-element elementor-element-91c38cf elementor-section-boxed elementor-section-height-default elementor-section-height-default\" data-id=\"91c38cf\" data-element_type=\"section\" data-settings=\"{&quot;background_background&quot;:&quot;classic&quot;}\">\n\t\t\t\t\t\t<div class=\"elementor-container elementor-column-gap-default\">\n\t\t\t\t\t<div class=\"aux-parallax-section elementor-column elementor-col-50 elementor-top-column elementor-element elementor-element-05068c3\" data-id=\"05068c3\" data-element_type=\"column\" data-settings=\"{&quot;background_background&quot;:&quot;classic&quot;}\">\n\t\t\t<div class=\"elementor-widget-wrap elementor-element-populated\">\n\t\t\t\t\t<div class=\"elementor-background-overlay\"><\/div>\n\t\t\t\t\t\t<div class=\"elementor-element elementor-element-3c12815 aux-appear-watch-animation aux-scale-down elementor-widget__width-auto elementor-widget elementor-widget-aux_image\" data-id=\"3c12815\" data-element_type=\"widget\" data-widget_type=\"aux_image.default\">\n\t\t\t\t<div class=\"elementor-widget-container\">\n\t\t\t\t\t<section class=\"widget-container aux-widget-image aux-alignnone aux-parent-au258098a5\">\n    <div class=\"aux-media-hint-frame\">\n        <div class=\"aux-media-image\" >\n        \n            \n\n            \n            <img fetchpriority=\"high\" decoding=\"async\" width=\"1896\" height=\"3029\" src=\"https:\/\/tis.edu.vn\/wp-content\/uploads\/2025\/01\/Thay-hieu-truong.png\" class=\"aux-attachment aux-featured-image aux-attachment-id-57127\" alt=\"Th\u1ea7y hi\u1ec7u tr\u01b0\u1edfng\" data-ratio=\"0.63\" data-original-w=\"1896\" \/>            \n                <\/div>\n    <\/div>\n\n<\/section><!-- widget-container -->\t\t\t\t<\/div>\n\t\t\t\t<\/div>\n\t\t\t\t\t<\/div>\n\t\t<\/div>\n\t\t\t\t<div class=\"aux-parallax-section elementor-column elementor-col-50 elementor-top-column elementor-element elementor-element-7f53e88\" data-id=\"7f53e88\" data-element_type=\"column\">\n\t\t\t<div class=\"elementor-widget-wrap elementor-element-populated\">\n\t\t\t\t\t\t<div class=\"elementor-element elementor-element-ba14b22 elementor-widget elementor-widget-text-editor\" data-id=\"ba14b22\" data-element_type=\"widget\" data-widget_type=\"text-editor.default\">\n\t\t\t\t<div class=\"elementor-widget-container\">\n\t\t\t\t\t\t\t\t\t<p style=\"text-align: left;\">Dear Parents and Students,<\/p><p>Welcome to TIS International Primary, Secondary &amp; High School!<\/p><p>TIS is proud to be one of the pioneering international schools in Ho Chi Minh City, where many generations of students have been nurtured with knowledge, skills and values \u200b\u200bto confidently step into life. The school always aims to not only train students with a solid academic foundation but also train them in ethics, physical fitness and arts, helping them develop comprehensively to become excellent global citizens.<\/p><p>With a comprehensive education system from Pre (for children from 3 to 5 years old) to grade 12, TIS is committed to providing a complete learning journey, suitable for each student's individual abilities and potential. The school's mission is to awaken and maximize the abilities of each individual, helping them confidently conquer their dreams, whether in Vietnam or abroad.<\/p><p>In addition to a team of experienced and dedicated teachers and staff, the school also invests in modern facilities and advanced technology, ensuring a healthy and loving learning environment. At the same time, the school also believes that individualized attention is an important foundation for each student to maximize their potential and achieve success when entering life.<\/p><p>We look forward to accompanying parents and students on the journey of discovering knowledge and building the future.<\/p><p>TIS, the gateway to a quality and aspirational education.<\/p><p>Best regards,<br \/>Dr. Le Duc Anh<\/p>\t\t\t\t\t\t\t\t<\/div>\n\t\t\t\t<\/div>\n\t\t\t\t\t<\/div>\n\t\t<\/div>\n\t\t\t\t\t<\/div>\n\t\t<\/section>\n\t\t\t\t<\/div>","protected":false},"excerpt":{"rendered":"<p>K\u00ednh g\u1eedi Qu\u00fd Ph\u1ee5 huynh v\u00e0 c\u00e1c em h\u1ecdc sinh th\u00e2n m\u1ebfn, Ch\u00e0o m\u1eebng \u0111\u1ebfn v\u1edbi ng\u00f4i tr\u01b0\u1eddng Ti\u1ec3u h\u1ecdc, THCS &amp; THPT Qu\u1ed1c T\u1ebf TIS! TIS t\u1ef1 h\u00e0o l\u00e0 m\u1ed9t trong nh\u1eefng tr\u01b0\u1eddng qu\u1ed1c t\u1ebf ti\u00ean phong t\u1ea1i TP.HCM, n\u01a1i \u0111\u00e3 v\u00e0 \u0111ang vun \u0111\u1eafp nhi\u1ec1u th\u1ebf h\u1ec7 h\u1ecdc sinh v\u1edbi h\u00e0nh trang ki\u1ebfn [&hellip;]<\/p>","protected":false},"author":1,"featured_media":0,"parent":0,"menu_order":0,"comment_status":"closed","ping_status":"closed","template":"","meta":{"footnotes":""},"class_list":["post-3007","page","type-page","status-publish","hentry"],"yoast_head":"<!-- This site is optimized with the Yoast SEO plugin v25.2 - https:\/\/yoast.com\/wordpress\/plugins\/seo\/ -->\n<title>Tr\u01b0\u1eddng qu\u1ed1c t\u1ebf t\u1ea1i TPHCM - Tr\u01b0\u1eddng Qu\u1ed1c T\u1ebf \u1ede S\u00e0i G\u00f2n - HCM<\/title>\n<meta name=\"description\" content=\"{:vi}L\u00e0 m\u1ed9t trong nh\u1eefng tr\u01b0\u1eddng Qu\u1ed1c T\u1ebf \u0111\u1ea7u ti\u00ean tr\u00ean \u0111\u1ecba b\u00e0n Tp.HCM, Tr\u01b0\u1eddng Ti\u1ec3u h\u1ecdc \u2013 THCS \u2013 THPT Qu\u1ed1c T\u1ebf TIS \u0111\u00e3 v\u00e0 \u0111ang tr\u1edf th\u00e0nh b\u1ec7 ph\u00f3ng cho nhi\u1ec1u th\u1ebf h\u1ec7 h\u1ecdc sinh...{:en}L\u00e0 m\u1ed9t trong nh\u1eefng tr\u01b0\u1eddng Qu\u1ed1c T\u1ebf \u0111\u1ea7u ti\u00ean tr\u00ean \u0111\u1ecba b\u00e0n Tp.HCM, Tr\u01b0\u1eddng Ph\u1ed5 Th\u00f4ng Qu\u1ed1c T\u1ebf TIS \u0111\u00e3 v\u00e0 \u0111ang tr\u1edf th\u00e0nh b\u1ec7 ph\u00f3ng cho nhi\u1ec1u th\u1ebf h\u1ec7 h\u1ecdc sinh ..{:}\" \/>\n<meta name=\"robots\" content=\"index, follow, max-snippet:-1, max-image-preview:large, max-video-preview:-1\" \/>\n<link rel=\"canonical\" href=\"https:\/\/tis.edu.vn\/en\/gioi-thieu-the-international-school-truong-quoc-te-tis\/\" \/>\n<meta property=\"og:locale\" content=\"en_US\" \/>\n<meta property=\"og:type\" content=\"article\" \/>\n<meta property=\"og:title\" content=\"[:vi]Tham quan Tr\u01b0\u1eddng qu\u1ed1c t\u1ebf t\u1ea1i TPHCM - S\u00e0i G\u00f2n - HCM[:en]Tr\u01b0\u1eddng qu\u1ed1c t\u1ebf t\u1ea1i TPHCM - Tr\u01b0\u1eddng Qu\u1ed1c T\u1ebf \u1ede S\u00e0i G\u00f2n - HCM[:]\" \/>\n<meta property=\"og:description\" content=\"{:vi}L\u00e0 m\u1ed9t trong nh\u1eefng tr\u01b0\u1eddng Qu\u1ed1c T\u1ebf \u0111\u1ea7u ti\u00ean tr\u00ean \u0111\u1ecba b\u00e0n Tp.HCM, Tr\u01b0\u1eddng Ti\u1ec3u h\u1ecdc \u2013 THCS \u2013 THPT Qu\u1ed1c T\u1ebf TIS \u0111\u00e3 v\u00e0 \u0111ang tr\u1edf th\u00e0nh b\u1ec7 ph\u00f3ng cho nhi\u1ec1u th\u1ebf h\u1ec7 h\u1ecdc sinh...{:en}L\u00e0 m\u1ed9t trong nh\u1eefng tr\u01b0\u1eddng Qu\u1ed1c T\u1ebf \u0111\u1ea7u ti\u00ean tr\u00ean \u0111\u1ecba b\u00e0n Tp.HCM, Tr\u01b0\u1eddng Ph\u1ed5 Th\u00f4ng Qu\u1ed1c T\u1ebf TIS \u0111\u00e3 v\u00e0 \u0111ang tr\u1edf th\u00e0nh b\u1ec7 ph\u00f3ng cho nhi\u1ec1u th\u1ebf h\u1ec7 h\u1ecdc sinh ..{:}\" \/>\n<meta property=\"og:url\" content=\"https:\/\/tis.edu.vn\/en\/gioi-thieu-the-international-school-truong-quoc-te-tis\/\" \/>\n<meta property=\"og:site_name\" content=\"Tr\u01b0\u1eddng Qu\u1ed1c T\u1ebf TIS\" \/>\n<meta property=\"article:publisher\" content=\"https:\/\/www.facebook.com\/TruongquocteTIS\/?fref=ts\" \/>\n<meta property=\"article:modified_time\" content=\"2025-01-07T09:04:56+00:00\" \/>\n<meta property=\"og:image\" content=\"https:\/\/tis.edu.vn\/wp-content\/uploads\/2025\/01\/Thay-hieu-truong.png\" \/>\n<meta name=\"twitter:card\" content=\"summary_large_image\" \/>\n<meta name=\"twitter:label1\" content=\"Est. reading time\" \/>\n\t<meta name=\"twitter:data1\" content=\"3 minutes\" \/>\n<script type=\"application\/ld+json\" class=\"yoast-schema-graph\">{\"@context\":\"https:\/\/schema.org\",\"@graph\":[{\"@type\":\"WebPage\",\"@id\":\"https:\/\/tis.edu.vn\/gioi-thieu-the-international-school-truong-quoc-te-tis\/\",\"url\":\"https:\/\/tis.edu.vn\/gioi-thieu-the-international-school-truong-quoc-te-tis\/\",\"name\":\"[:vi]Tham quan Tr\u01b0\u1eddng qu\u1ed1c t\u1ebf t\u1ea1i TPHCM - S\u00e0i G\u00f2n - HCM[:en]Tr\u01b0\u1eddng qu\u1ed1c t\u1ebf t\u1ea1i TPHCM - Tr\u01b0\u1eddng Qu\u1ed1c T\u1ebf \u1ede S\u00e0i G\u00f2n - HCM[:]\",\"isPartOf\":{\"@id\":\"https:\/\/tis.edu.vn\/#website\"},\"primaryImageOfPage\":{\"@id\":\"https:\/\/tis.edu.vn\/gioi-thieu-the-international-school-truong-quoc-te-tis\/#primaryimage\"},\"image\":{\"@id\":\"https:\/\/tis.edu.vn\/gioi-thieu-the-international-school-truong-quoc-te-tis\/#primaryimage\"},\"thumbnailUrl\":\"https:\/\/tis.edu.vn\/wp-content\/uploads\/2025\/01\/Thay-hieu-truong.png\",\"datePublished\":\"2016-03-19T13:09:51+00:00\",\"dateModified\":\"2025-01-07T09:04:56+00:00\",\"description\":\"{:vi}L\u00e0 m\u1ed9t trong nh\u1eefng tr\u01b0\u1eddng Qu\u1ed1c T\u1ebf \u0111\u1ea7u ti\u00ean tr\u00ean \u0111\u1ecba b\u00e0n Tp.HCM, Tr\u01b0\u1eddng Ti\u1ec3u h\u1ecdc \u2013 THCS \u2013 THPT Qu\u1ed1c T\u1ebf TIS \u0111\u00e3 v\u00e0 \u0111ang tr\u1edf th\u00e0nh b\u1ec7 ph\u00f3ng cho nhi\u1ec1u th\u1ebf h\u1ec7 h\u1ecdc sinh...{:en}L\u00e0 m\u1ed9t trong nh\u1eefng tr\u01b0\u1eddng Qu\u1ed1c T\u1ebf \u0111\u1ea7u ti\u00ean tr\u00ean \u0111\u1ecba b\u00e0n Tp.HCM, Tr\u01b0\u1eddng Ph\u1ed5 Th\u00f4ng Qu\u1ed1c T\u1ebf TIS \u0111\u00e3 v\u00e0 \u0111ang tr\u1edf th\u00e0nh b\u1ec7 ph\u00f3ng cho nhi\u1ec1u th\u1ebf h\u1ec7 h\u1ecdc sinh ..{:}\",\"breadcrumb\":{\"@id\":\"https:\/\/tis.edu.vn\/gioi-thieu-the-international-school-truong-quoc-te-tis\/#breadcrumb\"},\"inLanguage\":\"en-US\",\"potentialAction\":[{\"@type\":\"ReadAction\",\"target\":[\"https:\/\/tis.edu.vn\/gioi-thieu-the-international-school-truong-quoc-te-tis\/\"]}]},{\"@type\":\"ImageObject\",\"inLanguage\":\"en-US\",\"@id\":\"https:\/\/tis.edu.vn\/gioi-thieu-the-international-school-truong-quoc-te-tis\/#primaryimage\",\"url\":\"https:\/\/tis.edu.vn\/wp-content\/uploads\/2025\/01\/Thay-hieu-truong.png\",\"contentUrl\":\"https:\/\/tis.edu.vn\/wp-content\/uploads\/2025\/01\/Thay-hieu-truong.png\"},{\"@type\":\"BreadcrumbList\",\"@id\":\"https:\/\/tis.edu.vn\/gioi-thieu-the-international-school-truong-quoc-te-tis\/#breadcrumb\",\"itemListElement\":[{\"@type\":\"ListItem\",\"position\":1,\"name\":\"Home\",\"item\":\"https:\/\/tis.edu.vn\/\"},{\"@type\":\"ListItem\",\"position\":2,\"name\":\"L\u1eddi ch\u00e0o TIS\"}]},{\"@type\":\"WebSite\",\"@id\":\"https:\/\/tis.edu.vn\/#website\",\"url\":\"https:\/\/tis.edu.vn\/\",\"name\":\"Tr\u01b0\u1eddng Qu\u1ed1c T\u1ebf TIS - Tr\u01b0\u1eddng Ph\u1ed5 Th\u00f4ng Qu\u1ed1c T\u1ebf Ch\u1ea5t L\u01b0\u1ee3ng\",\"description\":\"Tr\u01b0\u1eddng Ph\u1ed5 Th\u00f4ng Qu\u1ed1c T\u1ebf Ch\u1ea5t L\u01b0\u1ee3ng\",\"publisher\":{\"@id\":\"https:\/\/tis.edu.vn\/#organization\"},\"alternateName\":\"TIS\",\"potentialAction\":[{\"@type\":\"SearchAction\",\"target\":{\"@type\":\"EntryPoint\",\"urlTemplate\":\"https:\/\/tis.edu.vn\/?s={search_term_string}\"},\"query-input\":{\"@type\":\"PropertyValueSpecification\",\"valueRequired\":true,\"valueName\":\"search_term_string\"}}],\"inLanguage\":\"en-US\"},{\"@type\":\"Organization\",\"@id\":\"https:\/\/tis.edu.vn\/#organization\",\"name\":\"Tr\u01b0\u1eddng Qu\u1ed1c T\u1ebf TIS\",\"alternateName\":\"Tr\u01b0\u1eddng Qu\u1ed1c T\u1ebf TIS - Tr\u01b0\u1eddng Ph\u1ed5 Th\u00f4ng Qu\u1ed1c T\u1ebf Ch\u1ea5t L\u01b0\u1ee3ng\",\"url\":\"https:\/\/tis.edu.vn\/\",\"logo\":{\"@type\":\"ImageObject\",\"inLanguage\":\"en-US\",\"@id\":\"https:\/\/tis.edu.vn\/#\/schema\/logo\/image\/\",\"url\":\"https:\/\/tis.edu.vn\/wp-content\/uploads\/2021\/11\/New_Logo-06.png\",\"contentUrl\":\"https:\/\/tis.edu.vn\/wp-content\/uploads\/2021\/11\/New_Logo-06.png\",\"width\":5010,\"height\":3915,\"caption\":\"Tr\u01b0\u1eddng Qu\u1ed1c T\u1ebf TIS\"},\"image\":{\"@id\":\"https:\/\/tis.edu.vn\/#\/schema\/logo\/image\/\"},\"sameAs\":[\"https:\/\/www.facebook.com\/TruongquocteTIS\/?fref=ts\",\"https:\/\/www.youtube.com\/channel\/UCyWzx0U8yCzYkaq6Ms4GRqg\"]}]}<\/script>\n<!-- \/ Yoast SEO plugin. -->","yoast_head_json":{"title":"[:vi]Tham quan Tr\u01b0\u1eddng qu\u1ed1c t\u1ebf t\u1ea1i TPHCM - S\u00e0i G\u00f2n - HCM[:en]Tr\u01b0\u1eddng qu\u1ed1c t\u1ebf t\u1ea1i TPHCM - Tr\u01b0\u1eddng Qu\u1ed1c T\u1ebf \u1ede S\u00e0i G\u00f2n - HCM[:]","description":"{:vi}L\u00e0 m\u1ed9t trong nh\u1eefng tr\u01b0\u1eddng Qu\u1ed1c T\u1ebf \u0111\u1ea7u ti\u00ean tr\u00ean \u0111\u1ecba b\u00e0n Tp.HCM, Tr\u01b0\u1eddng Ti\u1ec3u h\u1ecdc \u2013 THCS \u2013 THPT Qu\u1ed1c T\u1ebf TIS \u0111\u00e3 v\u00e0 \u0111ang tr\u1edf th\u00e0nh b\u1ec7 ph\u00f3ng cho nhi\u1ec1u th\u1ebf h\u1ec7 h\u1ecdc sinh...{:en}L\u00e0 m\u1ed9t trong nh\u1eefng tr\u01b0\u1eddng Qu\u1ed1c T\u1ebf \u0111\u1ea7u ti\u00ean tr\u00ean \u0111\u1ecba b\u00e0n Tp.HCM, Tr\u01b0\u1eddng Ph\u1ed5 Th\u00f4ng Qu\u1ed1c T\u1ebf TIS \u0111\u00e3 v\u00e0 \u0111ang tr\u1edf th\u00e0nh b\u1ec7 ph\u00f3ng cho nhi\u1ec1u th\u1ebf h\u1ec7 h\u1ecdc sinh ..{:}","robots":{"index":"index","follow":"follow","max-snippet":"max-snippet:-1","max-image-preview":"max-image-preview:large","max-video-preview":"max-video-preview:-1"},"canonical":"https:\/\/tis.edu.vn\/en\/gioi-thieu-the-international-school-truong-quoc-te-tis\/","og_locale":"en_US","og_type":"article","og_title":"[:vi]Tham quan Tr\u01b0\u1eddng qu\u1ed1c t\u1ebf t\u1ea1i TPHCM - S\u00e0i G\u00f2n - HCM[:en]Tr\u01b0\u1eddng qu\u1ed1c t\u1ebf t\u1ea1i TPHCM - Tr\u01b0\u1eddng Qu\u1ed1c T\u1ebf \u1ede S\u00e0i G\u00f2n - HCM[:]","og_description":"{:vi}L\u00e0 m\u1ed9t trong nh\u1eefng tr\u01b0\u1eddng Qu\u1ed1c T\u1ebf \u0111\u1ea7u ti\u00ean tr\u00ean \u0111\u1ecba b\u00e0n Tp.HCM, Tr\u01b0\u1eddng Ti\u1ec3u h\u1ecdc \u2013 THCS \u2013 THPT Qu\u1ed1c T\u1ebf TIS \u0111\u00e3 v\u00e0 \u0111ang tr\u1edf th\u00e0nh b\u1ec7 ph\u00f3ng cho nhi\u1ec1u th\u1ebf h\u1ec7 h\u1ecdc sinh...{:en}L\u00e0 m\u1ed9t trong nh\u1eefng tr\u01b0\u1eddng Qu\u1ed1c T\u1ebf \u0111\u1ea7u ti\u00ean tr\u00ean \u0111\u1ecba b\u00e0n Tp.HCM, Tr\u01b0\u1eddng Ph\u1ed5 Th\u00f4ng Qu\u1ed1c T\u1ebf TIS \u0111\u00e3 v\u00e0 \u0111ang tr\u1edf th\u00e0nh b\u1ec7 ph\u00f3ng cho nhi\u1ec1u th\u1ebf h\u1ec7 h\u1ecdc sinh ..{:}","og_url":"https:\/\/tis.edu.vn\/en\/gioi-thieu-the-international-school-truong-quoc-te-tis\/","og_site_name":"Tr\u01b0\u1eddng Qu\u1ed1c T\u1ebf TIS","article_publisher":"https:\/\/www.facebook.com\/TruongquocteTIS\/?fref=ts","article_modified_time":"2025-01-07T09:04:56+00:00","og_image":[{"url":"https:\/\/tis.edu.vn\/wp-content\/uploads\/2025\/01\/Thay-hieu-truong.png","type":"","width":"","height":""}],"twitter_card":"summary_large_image","twitter_misc":{"Est. reading time":"3 minutes"},"schema":{"@context":"https:\/\/schema.org","@graph":[{"@type":"WebPage","@id":"https:\/\/tis.edu.vn\/gioi-thieu-the-international-school-truong-quoc-te-tis\/","url":"https:\/\/tis.edu.vn\/gioi-thieu-the-international-school-truong-quoc-te-tis\/","name":"[:vi]Tham quan Tr\u01b0\u1eddng qu\u1ed1c t\u1ebf t\u1ea1i TPHCM - S\u00e0i G\u00f2n - HCM[:en]Tr\u01b0\u1eddng qu\u1ed1c t\u1ebf t\u1ea1i TPHCM - Tr\u01b0\u1eddng Qu\u1ed1c T\u1ebf \u1ede S\u00e0i G\u00f2n - HCM[:]","isPartOf":{"@id":"https:\/\/tis.edu.vn\/#website"},"primaryImageOfPage":{"@id":"https:\/\/tis.edu.vn\/gioi-thieu-the-international-school-truong-quoc-te-tis\/#primaryimage"},"image":{"@id":"https:\/\/tis.edu.vn\/gioi-thieu-the-international-school-truong-quoc-te-tis\/#primaryimage"},"thumbnailUrl":"https:\/\/tis.edu.vn\/wp-content\/uploads\/2025\/01\/Thay-hieu-truong.png","datePublished":"2016-03-19T13:09:51+00:00","dateModified":"2025-01-07T09:04:56+00:00","description":"{:vi}L\u00e0 m\u1ed9t trong nh\u1eefng tr\u01b0\u1eddng Qu\u1ed1c T\u1ebf \u0111\u1ea7u ti\u00ean tr\u00ean \u0111\u1ecba b\u00e0n Tp.HCM, Tr\u01b0\u1eddng Ti\u1ec3u h\u1ecdc \u2013 THCS \u2013 THPT Qu\u1ed1c T\u1ebf TIS \u0111\u00e3 v\u00e0 \u0111ang tr\u1edf th\u00e0nh b\u1ec7 ph\u00f3ng cho nhi\u1ec1u th\u1ebf h\u1ec7 h\u1ecdc sinh...{:en}L\u00e0 m\u1ed9t trong nh\u1eefng tr\u01b0\u1eddng Qu\u1ed1c T\u1ebf \u0111\u1ea7u ti\u00ean tr\u00ean \u0111\u1ecba b\u00e0n Tp.HCM, Tr\u01b0\u1eddng Ph\u1ed5 Th\u00f4ng Qu\u1ed1c T\u1ebf TIS \u0111\u00e3 v\u00e0 \u0111ang tr\u1edf th\u00e0nh b\u1ec7 ph\u00f3ng cho nhi\u1ec1u th\u1ebf h\u1ec7 h\u1ecdc sinh ..{:}","breadcrumb":{"@id":"https:\/\/tis.edu.vn\/gioi-thieu-the-international-school-truong-quoc-te-tis\/#breadcrumb"},"inLanguage":"en-US","potentialAction":[{"@type":"ReadAction","target":["https:\/\/tis.edu.vn\/gioi-thieu-the-international-school-truong-quoc-te-tis\/"]}]},{"@type":"ImageObject","inLanguage":"en-US","@id":"https:\/\/tis.edu.vn\/gioi-thieu-the-international-school-truong-quoc-te-tis\/#primaryimage","url":"https:\/\/tis.edu.vn\/wp-content\/uploads\/2025\/01\/Thay-hieu-truong.png","contentUrl":"https:\/\/tis.edu.vn\/wp-content\/uploads\/2025\/01\/Thay-hieu-truong.png"},{"@type":"BreadcrumbList","@id":"https:\/\/tis.edu.vn\/gioi-thieu-the-international-school-truong-quoc-te-tis\/#breadcrumb","itemListElement":[{"@type":"ListItem","position":1,"name":"Home","item":"https:\/\/tis.edu.vn\/"},{"@type":"ListItem","position":2,"name":"L\u1eddi ch\u00e0o TIS"}]},{"@type":"WebSite","@id":"https:\/\/tis.edu.vn\/#website","url":"https:\/\/tis.edu.vn\/","name":"Tr\u01b0\u1eddng Qu\u1ed1c T\u1ebf TIS - Tr\u01b0\u1eddng Ph\u1ed5 Th\u00f4ng Qu\u1ed1c T\u1ebf Ch\u1ea5t L\u01b0\u1ee3ng","description":"Tr\u01b0\u1eddng Ph\u1ed5 Th\u00f4ng Qu\u1ed1c T\u1ebf Ch\u1ea5t L\u01b0\u1ee3ng","publisher":{"@id":"https:\/\/tis.edu.vn\/#organization"},"alternateName":"TIS","potentialAction":[{"@type":"SearchAction","target":{"@type":"EntryPoint","urlTemplate":"https:\/\/tis.edu.vn\/?s={search_term_string}"},"query-input":{"@type":"PropertyValueSpecification","valueRequired":true,"valueName":"search_term_string"}}],"inLanguage":"en-US"},{"@type":"Organization","@id":"https:\/\/tis.edu.vn\/#organization","name":"Tr\u01b0\u1eddng Qu\u1ed1c T\u1ebf TIS","alternateName":"Tr\u01b0\u1eddng Qu\u1ed1c T\u1ebf TIS - Tr\u01b0\u1eddng Ph\u1ed5 Th\u00f4ng Qu\u1ed1c T\u1ebf Ch\u1ea5t L\u01b0\u1ee3ng","url":"https:\/\/tis.edu.vn\/","logo":{"@type":"ImageObject","inLanguage":"en-US","@id":"https:\/\/tis.edu.vn\/#\/schema\/logo\/image\/","url":"https:\/\/tis.edu.vn\/wp-content\/uploads\/2021\/11\/New_Logo-06.png","contentUrl":"https:\/\/tis.edu.vn\/wp-content\/uploads\/2021\/11\/New_Logo-06.png","width":5010,"height":3915,"caption":"Tr\u01b0\u1eddng Qu\u1ed1c T\u1ebf TIS"},"image":{"@id":"https:\/\/tis.edu.vn\/#\/schema\/logo\/image\/"},"sameAs":["https:\/\/www.facebook.com\/TruongquocteTIS\/?fref=ts","https:\/\/www.youtube.com\/channel\/UCyWzx0U8yCzYkaq6Ms4GRqg"]}]}},"_links":{"self":[{"href":"https:\/\/tis.edu.vn\/en\/wp-json\/wp\/v2\/pages\/3007","targetHints":{"allow":["GET"]}}],"collection":[{"href":"https:\/\/tis.edu.vn\/en\/wp-json\/wp\/v2\/pages"}],"about":[{"href":"https:\/\/tis.edu.vn\/en\/wp-json\/wp\/v2\/types\/page"}],"author":[{"embeddable":true,"href":"https:\/\/tis.edu.vn\/en\/wp-json\/wp\/v2\/users\/1"}],"replies":[{"embeddable":true,"href":"https:\/\/tis.edu.vn\/en\/wp-json\/wp\/v2\/comments?post=3007"}],"version-history":[{"count":0,"href":"https:\/\/tis.edu.vn\/en\/wp-json\/wp\/v2\/pages\/3007\/revisions"}],"wp:attachment":[{"href":"https:\/\/tis.edu.vn\/en\/wp-json\/wp\/v2\/media?parent=3007"}],"curies":[{"name":"wp","href":"https:\/\/api.w.org\/{rel}","templated":true}]}}